{"id":3912,"date":"2021-06-21T15:33:28","date_gmt":"2021-06-21T13:33:28","guid":{"rendered":"https:\/\/crea-protect.com\/?post_type=product&#038;p=3912"},"modified":"2021-06-24T12:08:44","modified_gmt":"2021-06-24T10:08:44","slug":"gilet-relfechissant","status":"publish","type":"product","link":"https:\/\/crea-protect.com\/index.php\/produit\/gilet-relfechissant\/","title":{"rendered":"Gilet r\u00e9lf\u00e9chissant"},"content":{"rendered":"<p><a href=\"https:\/\/crea-protect.com\/wp-content\/uploads\/2021\/06\/Fiche-technique-gilet-reflechissant.pdf\">Fiche technique gilet r\u00e9fl\u00e9chissant<\/a><\/p>\n<p>&nbsp;<\/p>\n","protected":false},"excerpt":{"rendered":"<h3>D\u00e9tails du produit<\/h3>\n<ul>\n<li>Poids du gilet : 130 grammes<\/li>\n<li>Tissu 120g\/m\u00b2 avec 100% polyester<\/li>\n<li>Couleur : Jaune, orange, jaune-vert<\/li>\n<li>Bande r\u00e9fl\u00e9chissante de 5 cm de large<\/li>\n<li>Fermeture avec crochets et boucles<\/li>\n<li>Norme CE<\/li>\n<li><a href=\"https:\/\/crea-protect.com\/wp-content\/uploads\/2021\/06\/Fiche-technique-gilet-reflechissant.pdf\">Fiche technique gilet r\u00e9fl\u00e9chissant<\/a><\/li>\n<\/ul>\n","protected":false},"featured_media":3925,"comment_status":"closed","ping_status":"closed","template":"","meta":{"_monsterinsights_skip_tracking":false,"_monsterinsights_sitenote_active":false,"_monsterinsights_sitenote_note":"","_monsterinsights_sitenote_category":0},"product_cat":[71,97],"product_tag":[],"yoast_head":"<!-- This site is optimized with the Yoast SEO plugin v17.0 - https:\/\/yoast.com\/wordpress\/plugins\/seo\/ -->\n<title>Gilet r\u00e9lf\u00e9chissant - Cr\u00e9a-protect<\/title>\n<meta name=\"robots\" content=\"index, follow, max-snippet:-1, max-image-preview:large, max-video-preview:-1\" \/>\n<link rel=\"canonical\" href=\"https:\/\/crea-protect.com\/index.php\/produit\/gilet-relfechissant\/\" \/>\n<meta property=\"og:locale\" content=\"fr_FR\" \/>\n<meta property=\"og:type\" content=\"article\" \/>\n<meta property=\"og:title\" content=\"Gilet r\u00e9lf\u00e9chissant - Cr\u00e9a-protect\" \/>\n<meta property=\"og:description\" content=\"D\u00e9tails du produit   Poids du gilet : 130 grammes  Tissu 120g\/m\u00b2 avec 100% polyester  Couleur : Jaune, orange, jaune-vert  Bande r\u00e9fl\u00e9chissante de 5 cm de large  Fermeture avec crochets et boucles  Norme CE  Fiche technique gilet r\u00e9fl\u00e9chissant\" \/>\n<meta property=\"og:url\" content=\"https:\/\/crea-protect.com\/index.php\/produit\/gilet-relfechissant\/\" \/>\n<meta property=\"og:site_name\" content=\"Cr\u00e9a-protect\" \/>\n<meta property=\"article:modified_time\" content=\"2021-06-24T10:08:44+00:00\" \/>\n<meta property=\"og:image\" content=\"https:\/\/crea-protect.com\/wp-content\/uploads\/2021\/06\/Sans-tit.png\" \/>\n\t<meta property=\"og:image:width\" content=\"3000\" \/>\n\t<meta property=\"og:image:height\" content=\"2932\" \/>\n<meta name=\"twitter:card\" content=\"summary_large_image\" \/>\n<script type=\"application\/ld+json\" class=\"yoast-schema-graph\">{\"@context\":\"https:\/\/schema.org\",\"@graph\":[{\"@type\":\"WebSite\",\"@id\":\"https:\/\/crea-protect.com\/#website\",\"url\":\"https:\/\/crea-protect.com\/\",\"name\":\"Cr\\u00e9a-protect\",\"description\":\"Cr\\u00e9a-Protect est une soci\\u00e9t\\u00e9 fran\\u00e7aise qui met \\u00e0 disposition des entreprises un savoir-faire et une expertise de sourcing de produits d\\u2019hygi\\u00e8ne, d\\u2019entretien, de protection, d\\u2019EPI etc.\",\"potentialAction\":[{\"@type\":\"SearchAction\",\"target\":{\"@type\":\"EntryPoint\",\"urlTemplate\":\"https:\/\/crea-protect.com\/?s={search_term_string}\"},\"query-input\":\"required name=search_term_string\"}],\"inLanguage\":\"fr-FR\"},{\"@type\":\"ImageObject\",\"@id\":\"https:\/\/crea-protect.com\/index.php\/produit\/gilet-relfechissant\/#primaryimage\",\"inLanguage\":\"fr-FR\",\"url\":\"https:\/\/crea-protect.com\/wp-content\/uploads\/2021\/06\/Sans-tit.png\",\"contentUrl\":\"https:\/\/crea-protect.com\/wp-content\/uploads\/2021\/06\/Sans-tit.png\",\"width\":3000,\"height\":2932,\"caption\":\"Gilet relfechissant CP\"},{\"@type\":\"WebPage\",\"@id\":\"https:\/\/crea-protect.com\/index.php\/produit\/gilet-relfechissant\/#webpage\",\"url\":\"https:\/\/crea-protect.com\/index.php\/produit\/gilet-relfechissant\/\",\"name\":\"Gilet r\\u00e9lf\\u00e9chissant - Cr\\u00e9a-protect\",\"isPartOf\":{\"@id\":\"https:\/\/crea-protect.com\/#website\"},\"primaryImageOfPage\":{\"@id\":\"https:\/\/crea-protect.com\/index.php\/produit\/gilet-relfechissant\/#primaryimage\"},\"datePublished\":\"2021-06-21T13:33:28+00:00\",\"dateModified\":\"2021-06-24T10:08:44+00:00\",\"breadcrumb\":{\"@id\":\"https:\/\/crea-protect.com\/index.php\/produit\/gilet-relfechissant\/#breadcrumb\"},\"inLanguage\":\"fr-FR\",\"potentialAction\":[{\"@type\":\"ReadAction\",\"target\":[\"https:\/\/crea-protect.com\/index.php\/produit\/gilet-relfechissant\/\"]}]},{\"@type\":\"BreadcrumbList\",\"@id\":\"https:\/\/crea-protect.com\/index.php\/produit\/gilet-relfechissant\/#breadcrumb\",\"itemListElement\":[{\"@type\":\"ListItem\",\"position\":1,\"name\":\"Accueil\",\"item\":\"https:\/\/crea-protect.com\/\"},{\"@type\":\"ListItem\",\"position\":2,\"name\":\"The Shop\",\"item\":\"https:\/\/crea-protect.com\/index.php\/shop-2\/\"},{\"@type\":\"ListItem\",\"position\":3,\"name\":\"Gilet r\\u00e9lf\\u00e9chissant\"}]}]}<\/script>\n<!-- \/ Yoast SEO plugin. -->","yoast_head_json":{"title":"Gilet r\u00e9lf\u00e9chissant - Cr\u00e9a-protect","robots":{"index":"index","follow":"follow","max-snippet":"max-snippet:-1","max-image-preview":"max-image-preview:large","max-video-preview":"max-video-preview:-1"},"canonical":"https:\/\/crea-protect.com\/index.php\/produit\/gilet-relfechissant\/","og_locale":"fr_FR","og_type":"article","og_title":"Gilet r\u00e9lf\u00e9chissant - Cr\u00e9a-protect","og_description":"D\u00e9tails du produit   Poids du gilet : 130 grammes  Tissu 120g\/m\u00b2 avec 100% polyester  Couleur : Jaune, orange, jaune-vert  Bande r\u00e9fl\u00e9chissante de 5 cm de large  Fermeture avec crochets et boucles  Norme CE  Fiche technique gilet r\u00e9fl\u00e9chissant","og_url":"https:\/\/crea-protect.com\/index.php\/produit\/gilet-relfechissant\/","og_site_name":"Cr\u00e9a-protect","article_modified_time":"2021-06-24T10:08:44+00:00","og_image":[{"width":3000,"height":2932,"url":"https:\/\/crea-protect.com\/wp-content\/uploads\/2021\/06\/Sans-tit.png","path":"\/home\/creaprj\/www\/wp-content\/uploads\/2021\/06\/Sans-tit.png","size":"full","id":3925,"alt":"Gilet relfechissant CP","pixels":8796000,"type":"image\/png"}],"twitter_card":"summary_large_image","schema":{"@context":"https:\/\/schema.org","@graph":[{"@type":"WebSite","@id":"https:\/\/crea-protect.com\/#website","url":"https:\/\/crea-protect.com\/","name":"Cr\u00e9a-protect","description":"Cr\u00e9a-Protect est une soci\u00e9t\u00e9 fran\u00e7aise qui met \u00e0 disposition des entreprises un savoir-faire et une expertise de sourcing de produits d\u2019hygi\u00e8ne, d\u2019entretien, de protection, d\u2019EPI etc.","potentialAction":[{"@type":"SearchAction","target":{"@type":"EntryPoint","urlTemplate":"https:\/\/crea-protect.com\/?s={search_term_string}"},"query-input":"required name=search_term_string"}],"inLanguage":"fr-FR"},{"@type":"ImageObject","@id":"https:\/\/crea-protect.com\/index.php\/produit\/gilet-relfechissant\/#primaryimage","inLanguage":"fr-FR","url":"https:\/\/crea-protect.com\/wp-content\/uploads\/2021\/06\/Sans-tit.png","contentUrl":"https:\/\/crea-protect.com\/wp-content\/uploads\/2021\/06\/Sans-tit.png","width":3000,"height":2932,"caption":"Gilet relfechissant CP"},{"@type":"WebPage","@id":"https:\/\/crea-protect.com\/index.php\/produit\/gilet-relfechissant\/#webpage","url":"https:\/\/crea-protect.com\/index.php\/produit\/gilet-relfechissant\/","name":"Gilet r\u00e9lf\u00e9chissant - Cr\u00e9a-protect","isPartOf":{"@id":"https:\/\/crea-protect.com\/#website"},"primaryImageOfPage":{"@id":"https:\/\/crea-protect.com\/index.php\/produit\/gilet-relfechissant\/#primaryimage"},"datePublished":"2021-06-21T13:33:28+00:00","dateModified":"2021-06-24T10:08:44+00:00","breadcrumb":{"@id":"https:\/\/crea-protect.com\/index.php\/produit\/gilet-relfechissant\/#breadcrumb"},"inLanguage":"fr-FR","potentialAction":[{"@type":"ReadAction","target":["https:\/\/crea-protect.com\/index.php\/produit\/gilet-relfechissant\/"]}]},{"@type":"BreadcrumbList","@id":"https:\/\/crea-protect.com\/index.php\/produit\/gilet-relfechissant\/#breadcrumb","itemListElement":[{"@type":"ListItem","position":1,"name":"Accueil","item":"https:\/\/crea-protect.com\/"},{"@type":"ListItem","position":2,"name":"The Shop","item":"https:\/\/crea-protect.com\/index.php\/shop-2\/"},{"@type":"ListItem","position":3,"name":"Gilet r\u00e9lf\u00e9chissant"}]}]}},"_links":{"self":[{"href":"https:\/\/crea-protect.com\/index.php\/wp-json\/wp\/v2\/product\/3912"}],"collection":[{"href":"https:\/\/crea-protect.com\/index.php\/wp-json\/wp\/v2\/product"}],"about":[{"href":"https:\/\/crea-protect.com\/index.php\/wp-json\/wp\/v2\/types\/product"}],"replies":[{"embeddable":true,"href":"https:\/\/crea-protect.com\/index.php\/wp-json\/wp\/v2\/comments?post=3912"}],"wp:featuredmedia":[{"embeddable":true,"href":"https:\/\/crea-protect.com\/index.php\/wp-json\/wp\/v2\/media\/3925"}],"wp:attachment":[{"href":"https:\/\/crea-protect.com\/index.php\/wp-json\/wp\/v2\/media?parent=3912"}],"wp:term":[{"taxonomy":"product_cat","embeddable":true,"href":"https:\/\/crea-protect.com\/index.php\/wp-json\/wp\/v2\/product_cat?post=3912"},{"taxonomy":"product_tag","embeddable":true,"href":"https:\/\/crea-protect.com\/index.php\/wp-json\/wp\/v2\/product_tag?post=3912"}],"curies":[{"name":"wp","href":"https:\/\/api.w.org\/{rel}","templated":true}]}}