{"id":3901,"date":"2021-06-21T14:19:26","date_gmt":"2021-06-21T12:19:26","guid":{"rendered":"https:\/\/crea-protect.com\/?post_type=product&#038;p=3901"},"modified":"2021-06-24T12:25:43","modified_gmt":"2021-06-24T10:25:43","slug":"bouchons-doreilles","status":"publish","type":"product","link":"https:\/\/crea-protect.com\/index.php\/produit\/bouchons-doreilles\/","title":{"rendered":"Bouchons d&#8217;oreilles"},"content":{"rendered":"<p><a href=\"https:\/\/crea-protect.com\/wp-content\/uploads\/2021\/06\/Fiche-technique-bouchons-oreille.pdf\">Fiche technique bouchons d&#8217;oreilles<\/a><\/p>\n","protected":false},"excerpt":{"rendered":"<h3>D\u00e9tails du produit<\/h3>\n<ul>\n<li>Poids bouchons + corde : 98,2 grammes<\/li>\n<li>Taille Longueur par Largeur : 13 x 24<\/li>\n<li>Poids du carton : 10 kg<\/li>\n<li>1 paire par polybag<\/li>\n<li>100 polybags par bo\u00eete<\/li>\n<li>2 000 pi\u00e8ces par carton<\/li>\n<li>Normes : EN352-2:2003 et CE<\/li>\n<li><a href=\"https:\/\/crea-protect.com\/wp-content\/uploads\/2021\/06\/Fiche-technique-bouchons-oreille.pdf\">Fiche technique bouchons d&#8217;oreilles<\/a><\/li>\n<\/ul>\n","protected":false},"featured_media":3933,"comment_status":"closed","ping_status":"closed","template":"","meta":{"_monsterinsights_skip_tracking":false,"_monsterinsights_sitenote_active":false,"_monsterinsights_sitenote_note":"","_monsterinsights_sitenote_category":0},"product_cat":[71,97],"product_tag":[],"yoast_head":"<!-- This site is optimized with the Yoast SEO plugin v17.0 - https:\/\/yoast.com\/wordpress\/plugins\/seo\/ -->\n<title>Bouchons d&#039;oreilles - Cr\u00e9a-protect<\/title>\n<meta name=\"robots\" content=\"index, follow, max-snippet:-1, max-image-preview:large, max-video-preview:-1\" \/>\n<link rel=\"canonical\" href=\"https:\/\/crea-protect.com\/index.php\/produit\/bouchons-doreilles\/\" \/>\n<meta property=\"og:locale\" content=\"fr_FR\" \/>\n<meta property=\"og:type\" content=\"article\" \/>\n<meta property=\"og:title\" content=\"Bouchons d&#039;oreilles - Cr\u00e9a-protect\" \/>\n<meta property=\"og:description\" content=\"D\u00e9tails du produit   Poids bouchons + corde : 98,2 grammes  Taille Longueur par Largeur : 13 x 24  Poids du carton : 10 kg  1 paire par polybag  100 polybags par bo\u00eete  2 000 pi\u00e8ces par carton  Normes : EN352-2:2003 et CE  Fiche technique bouchons d&#039;oreilles\" \/>\n<meta property=\"og:url\" content=\"https:\/\/crea-protect.com\/index.php\/produit\/bouchons-doreilles\/\" \/>\n<meta property=\"og:site_name\" content=\"Cr\u00e9a-protect\" \/>\n<meta property=\"article:modified_time\" content=\"2021-06-24T10:25:43+00:00\" \/>\n<meta property=\"og:image\" content=\"https:\/\/crea-protect.com\/wp-content\/uploads\/2021\/06\/Sans-titre-1hhh.png\" \/>\n\t<meta property=\"og:image:width\" content=\"3000\" \/>\n\t<meta property=\"og:image:height\" content=\"2932\" \/>\n<meta name=\"twitter:card\" content=\"summary_large_image\" \/>\n<script type=\"application\/ld+json\" class=\"yoast-schema-graph\">{\"@context\":\"https:\/\/schema.org\",\"@graph\":[{\"@type\":\"WebSite\",\"@id\":\"https:\/\/crea-protect.com\/#website\",\"url\":\"https:\/\/crea-protect.com\/\",\"name\":\"Cr\\u00e9a-protect\",\"description\":\"Cr\\u00e9a-Protect est une soci\\u00e9t\\u00e9 fran\\u00e7aise qui met \\u00e0 disposition des entreprises un savoir-faire et une expertise de sourcing de produits d\\u2019hygi\\u00e8ne, d\\u2019entretien, de protection, d\\u2019EPI etc.\",\"potentialAction\":[{\"@type\":\"SearchAction\",\"target\":{\"@type\":\"EntryPoint\",\"urlTemplate\":\"https:\/\/crea-protect.com\/?s={search_term_string}\"},\"query-input\":\"required name=search_term_string\"}],\"inLanguage\":\"fr-FR\"},{\"@type\":\"ImageObject\",\"@id\":\"https:\/\/crea-protect.com\/index.php\/produit\/bouchons-doreilles\/#primaryimage\",\"inLanguage\":\"fr-FR\",\"url\":\"https:\/\/crea-protect.com\/wp-content\/uploads\/2021\/06\/Sans-titre-1hhh.png\",\"contentUrl\":\"https:\/\/crea-protect.com\/wp-content\/uploads\/2021\/06\/Sans-titre-1hhh.png\",\"width\":3000,\"height\":2932,\"caption\":\"Bouchons oreilles CP\"},{\"@type\":\"WebPage\",\"@id\":\"https:\/\/crea-protect.com\/index.php\/produit\/bouchons-doreilles\/#webpage\",\"url\":\"https:\/\/crea-protect.com\/index.php\/produit\/bouchons-doreilles\/\",\"name\":\"Bouchons d'oreilles - Cr\\u00e9a-protect\",\"isPartOf\":{\"@id\":\"https:\/\/crea-protect.com\/#website\"},\"primaryImageOfPage\":{\"@id\":\"https:\/\/crea-protect.com\/index.php\/produit\/bouchons-doreilles\/#primaryimage\"},\"datePublished\":\"2021-06-21T12:19:26+00:00\",\"dateModified\":\"2021-06-24T10:25:43+00:00\",\"breadcrumb\":{\"@id\":\"https:\/\/crea-protect.com\/index.php\/produit\/bouchons-doreilles\/#breadcrumb\"},\"inLanguage\":\"fr-FR\",\"potentialAction\":[{\"@type\":\"ReadAction\",\"target\":[\"https:\/\/crea-protect.com\/index.php\/produit\/bouchons-doreilles\/\"]}]},{\"@type\":\"BreadcrumbList\",\"@id\":\"https:\/\/crea-protect.com\/index.php\/produit\/bouchons-doreilles\/#breadcrumb\",\"itemListElement\":[{\"@type\":\"ListItem\",\"position\":1,\"name\":\"Accueil\",\"item\":\"https:\/\/crea-protect.com\/\"},{\"@type\":\"ListItem\",\"position\":2,\"name\":\"The Shop\",\"item\":\"https:\/\/crea-protect.com\/index.php\/shop-2\/\"},{\"@type\":\"ListItem\",\"position\":3,\"name\":\"Bouchons d&#8217;oreilles\"}]}]}<\/script>\n<!-- \/ Yoast SEO plugin. -->","yoast_head_json":{"title":"Bouchons d'oreilles - Cr\u00e9a-protect","robots":{"index":"index","follow":"follow","max-snippet":"max-snippet:-1","max-image-preview":"max-image-preview:large","max-video-preview":"max-video-preview:-1"},"canonical":"https:\/\/crea-protect.com\/index.php\/produit\/bouchons-doreilles\/","og_locale":"fr_FR","og_type":"article","og_title":"Bouchons d'oreilles - Cr\u00e9a-protect","og_description":"D\u00e9tails du produit   Poids bouchons + corde : 98,2 grammes  Taille Longueur par Largeur : 13 x 24  Poids du carton : 10 kg  1 paire par polybag  100 polybags par bo\u00eete  2 000 pi\u00e8ces par carton  Normes : EN352-2:2003 et CE  Fiche technique bouchons d'oreilles","og_url":"https:\/\/crea-protect.com\/index.php\/produit\/bouchons-doreilles\/","og_site_name":"Cr\u00e9a-protect","article_modified_time":"2021-06-24T10:25:43+00:00","og_image":[{"width":3000,"height":2932,"url":"https:\/\/crea-protect.com\/wp-content\/uploads\/2021\/06\/Sans-titre-1hhh.png","path":"\/home\/creaprj\/www\/wp-content\/uploads\/2021\/06\/Sans-titre-1hhh.png","size":"full","id":3933,"alt":"Bouchons oreilles CP","pixels":8796000,"type":"image\/png"}],"twitter_card":"summary_large_image","schema":{"@context":"https:\/\/schema.org","@graph":[{"@type":"WebSite","@id":"https:\/\/crea-protect.com\/#website","url":"https:\/\/crea-protect.com\/","name":"Cr\u00e9a-protect","description":"Cr\u00e9a-Protect est une soci\u00e9t\u00e9 fran\u00e7aise qui met \u00e0 disposition des entreprises un savoir-faire et une expertise de sourcing de produits d\u2019hygi\u00e8ne, d\u2019entretien, de protection, d\u2019EPI etc.","potentialAction":[{"@type":"SearchAction","target":{"@type":"EntryPoint","urlTemplate":"https:\/\/crea-protect.com\/?s={search_term_string}"},"query-input":"required name=search_term_string"}],"inLanguage":"fr-FR"},{"@type":"ImageObject","@id":"https:\/\/crea-protect.com\/index.php\/produit\/bouchons-doreilles\/#primaryimage","inLanguage":"fr-FR","url":"https:\/\/crea-protect.com\/wp-content\/uploads\/2021\/06\/Sans-titre-1hhh.png","contentUrl":"https:\/\/crea-protect.com\/wp-content\/uploads\/2021\/06\/Sans-titre-1hhh.png","width":3000,"height":2932,"caption":"Bouchons oreilles CP"},{"@type":"WebPage","@id":"https:\/\/crea-protect.com\/index.php\/produit\/bouchons-doreilles\/#webpage","url":"https:\/\/crea-protect.com\/index.php\/produit\/bouchons-doreilles\/","name":"Bouchons d'oreilles - Cr\u00e9a-protect","isPartOf":{"@id":"https:\/\/crea-protect.com\/#website"},"primaryImageOfPage":{"@id":"https:\/\/crea-protect.com\/index.php\/produit\/bouchons-doreilles\/#primaryimage"},"datePublished":"2021-06-21T12:19:26+00:00","dateModified":"2021-06-24T10:25:43+00:00","breadcrumb":{"@id":"https:\/\/crea-protect.com\/index.php\/produit\/bouchons-doreilles\/#breadcrumb"},"inLanguage":"fr-FR","potentialAction":[{"@type":"ReadAction","target":["https:\/\/crea-protect.com\/index.php\/produit\/bouchons-doreilles\/"]}]},{"@type":"BreadcrumbList","@id":"https:\/\/crea-protect.com\/index.php\/produit\/bouchons-doreilles\/#breadcrumb","itemListElement":[{"@type":"ListItem","position":1,"name":"Accueil","item":"https:\/\/crea-protect.com\/"},{"@type":"ListItem","position":2,"name":"The Shop","item":"https:\/\/crea-protect.com\/index.php\/shop-2\/"},{"@type":"ListItem","position":3,"name":"Bouchons d&#8217;oreilles"}]}]}},"_links":{"self":[{"href":"https:\/\/crea-protect.com\/index.php\/wp-json\/wp\/v2\/product\/3901"}],"collection":[{"href":"https:\/\/crea-protect.com\/index.php\/wp-json\/wp\/v2\/product"}],"about":[{"href":"https:\/\/crea-protect.com\/index.php\/wp-json\/wp\/v2\/types\/product"}],"replies":[{"embeddable":true,"href":"https:\/\/crea-protect.com\/index.php\/wp-json\/wp\/v2\/comments?post=3901"}],"wp:featuredmedia":[{"embeddable":true,"href":"https:\/\/crea-protect.com\/index.php\/wp-json\/wp\/v2\/media\/3933"}],"wp:attachment":[{"href":"https:\/\/crea-protect.com\/index.php\/wp-json\/wp\/v2\/media?parent=3901"}],"wp:term":[{"taxonomy":"product_cat","embeddable":true,"href":"https:\/\/crea-protect.com\/index.php\/wp-json\/wp\/v2\/product_cat?post=3901"},{"taxonomy":"product_tag","embeddable":true,"href":"https:\/\/crea-protect.com\/index.php\/wp-json\/wp\/v2\/product_tag?post=3901"}],"curies":[{"name":"wp","href":"https:\/\/api.w.org\/{rel}","templated":true}]}}