{"id":3895,"date":"2021-06-21T12:28:36","date_gmt":"2021-06-21T10:28:36","guid":{"rendered":"https:\/\/crea-protect.com\/?post_type=product&#038;p=3895"},"modified":"2021-06-24T12:21:35","modified_gmt":"2021-06-24T10:21:35","slug":"gants-de-manutention","status":"publish","type":"product","link":"https:\/\/crea-protect.com\/index.php\/produit\/gants-de-manutention\/","title":{"rendered":"Gants de manutention"},"content":{"rendered":"<p><a href=\"https:\/\/crea-protect.com\/wp-content\/uploads\/2021\/06\/Fiche-technique-gants-manutention.pdf\">Fiche technique gants manutention<\/a><\/p>\n","protected":false},"excerpt":{"rendered":"<h3>D\u00e9tails du produit<\/h3>\n<ul>\n<li><a href=\"https:\/\/crea-protect.com\/wp-content\/uploads\/2021\/06\/Fiche-technique-gants-manutention.pdf\">Fiche technique gants manutention 1<\/a><\/li>\n<li>Taille S\/M\/L\/XL<\/li>\n<li>Poids du produit : 57 grammes<\/li>\n<li>1 paire par polybags<\/li>\n<li>Taille du carton : 52 x 25 x 50 cm<\/li>\n<li>Poids du carton : 17 kg<\/li>\n<li>250 paires par carton<\/li>\n<li>Couleur : Choix du client<\/li>\n<li>Doublure de gant en fibre de verre HPPE de calibre 13 avec paume enduite en polyur\u00e9thane<\/li>\n<\/ul>\n<p>&nbsp;<\/p>\n<ul>\n<li><a href=\"https:\/\/crea-protect.com\/wp-content\/uploads\/2021\/06\/Fiche-technique-gants-manutention-2.pdf\">Fiche technique gants manutention 2<\/a><\/li>\n<li>Taille S\/M\/L\/XL<\/li>\n<li>Poids du produit : 52 grammes<\/li>\n<li>1 paire par polybags<\/li>\n<li>Taille du carton : 50 x 38 x 38 cm<\/li>\n<li>Poids du carton : 17 kg<\/li>\n<li>250 paires par carton<\/li>\n<li>Couleur : Choix du client<\/li>\n<li>Gants de cuisine anti-lame qualit\u00e9 alimentaire, anti-coupure de niveau 5<\/li>\n<li>Norme CE<\/li>\n<\/ul>\n","protected":false},"featured_media":3927,"comment_status":"closed","ping_status":"closed","template":"","meta":{"_monsterinsights_skip_tracking":false,"_monsterinsights_sitenote_active":false,"_monsterinsights_sitenote_note":"","_monsterinsights_sitenote_category":0},"product_cat":[71,97],"product_tag":[],"yoast_head":"<!-- This site is optimized with the Yoast SEO plugin v17.0 - https:\/\/yoast.com\/wordpress\/plugins\/seo\/ -->\n<title>Gants de manutention - Cr\u00e9a-protect<\/title>\n<meta name=\"robots\" content=\"index, follow, max-snippet:-1, max-image-preview:large, max-video-preview:-1\" \/>\n<link rel=\"canonical\" href=\"https:\/\/crea-protect.com\/index.php\/produit\/gants-de-manutention\/\" \/>\n<meta property=\"og:locale\" content=\"fr_FR\" \/>\n<meta property=\"og:type\" content=\"article\" \/>\n<meta property=\"og:title\" content=\"Gants de manutention - Cr\u00e9a-protect\" \/>\n<meta property=\"og:description\" content=\"D\u00e9tails du produit   Fiche technique gants manutention 1  Taille S\/M\/L\/XL  Poids du produit : 57 grammes  1 paire par polybags  Taille du carton : 52 x 25 x 50 cm  Poids du carton : 17 kg  250 paires par carton  Couleur : Choix du client  Doublure de gant en fibre de verre HPPE de calibre 13 avec paume enduite en polyur\u00e9thane  &nbsp;   Fiche technique gants manutention 2  Taille S\/M\/L\/XL  Poids du produit : 52 grammes  1 paire par polybags  Taille du carton : 50 x 38 x 38 cm  Poids du carton : 17 kg  250 paires par carton  Couleur : Choix du client  Gants de cuisine anti-lame qualit\u00e9 alimentaire, anti-coupure de niveau 5  Norme CE\" \/>\n<meta property=\"og:url\" content=\"https:\/\/crea-protect.com\/index.php\/produit\/gants-de-manutention\/\" \/>\n<meta property=\"og:site_name\" content=\"Cr\u00e9a-protect\" \/>\n<meta property=\"article:modified_time\" content=\"2021-06-24T10:21:35+00:00\" \/>\n<meta property=\"og:image\" content=\"https:\/\/crea-protect.com\/wp-content\/uploads\/2021\/06\/Sans-titddzzzzre-1-1024x1001.png\" \/>\n\t<meta property=\"og:image:width\" content=\"1024\" \/>\n\t<meta property=\"og:image:height\" content=\"1001\" \/>\n<meta name=\"twitter:card\" content=\"summary_large_image\" \/>\n<script type=\"application\/ld+json\" class=\"yoast-schema-graph\">{\"@context\":\"https:\/\/schema.org\",\"@graph\":[{\"@type\":\"WebSite\",\"@id\":\"https:\/\/crea-protect.com\/#website\",\"url\":\"https:\/\/crea-protect.com\/\",\"name\":\"Cr\\u00e9a-protect\",\"description\":\"Cr\\u00e9a-Protect est une soci\\u00e9t\\u00e9 fran\\u00e7aise qui met \\u00e0 disposition des entreprises un savoir-faire et une expertise de sourcing de produits d\\u2019hygi\\u00e8ne, d\\u2019entretien, de protection, d\\u2019EPI etc.\",\"potentialAction\":[{\"@type\":\"SearchAction\",\"target\":{\"@type\":\"EntryPoint\",\"urlTemplate\":\"https:\/\/crea-protect.com\/?s={search_term_string}\"},\"query-input\":\"required name=search_term_string\"}],\"inLanguage\":\"fr-FR\"},{\"@type\":\"ImageObject\",\"@id\":\"https:\/\/crea-protect.com\/index.php\/produit\/gants-de-manutention\/#primaryimage\",\"inLanguage\":\"fr-FR\",\"url\":\"https:\/\/crea-protect.com\/wp-content\/uploads\/2021\/06\/Sans-titddzzzzre-1.png\",\"contentUrl\":\"https:\/\/crea-protect.com\/wp-content\/uploads\/2021\/06\/Sans-titddzzzzre-1.png\",\"width\":3000,\"height\":2932,\"caption\":\"Gants manu CP\"},{\"@type\":\"WebPage\",\"@id\":\"https:\/\/crea-protect.com\/index.php\/produit\/gants-de-manutention\/#webpage\",\"url\":\"https:\/\/crea-protect.com\/index.php\/produit\/gants-de-manutention\/\",\"name\":\"Gants de manutention - Cr\\u00e9a-protect\",\"isPartOf\":{\"@id\":\"https:\/\/crea-protect.com\/#website\"},\"primaryImageOfPage\":{\"@id\":\"https:\/\/crea-protect.com\/index.php\/produit\/gants-de-manutention\/#primaryimage\"},\"datePublished\":\"2021-06-21T10:28:36+00:00\",\"dateModified\":\"2021-06-24T10:21:35+00:00\",\"breadcrumb\":{\"@id\":\"https:\/\/crea-protect.com\/index.php\/produit\/gants-de-manutention\/#breadcrumb\"},\"inLanguage\":\"fr-FR\",\"potentialAction\":[{\"@type\":\"ReadAction\",\"target\":[\"https:\/\/crea-protect.com\/index.php\/produit\/gants-de-manutention\/\"]}]},{\"@type\":\"BreadcrumbList\",\"@id\":\"https:\/\/crea-protect.com\/index.php\/produit\/gants-de-manutention\/#breadcrumb\",\"itemListElement\":[{\"@type\":\"ListItem\",\"position\":1,\"name\":\"Accueil\",\"item\":\"https:\/\/crea-protect.com\/\"},{\"@type\":\"ListItem\",\"position\":2,\"name\":\"The Shop\",\"item\":\"https:\/\/crea-protect.com\/index.php\/shop-2\/\"},{\"@type\":\"ListItem\",\"position\":3,\"name\":\"Gants de manutention\"}]}]}<\/script>\n<!-- \/ Yoast SEO plugin. -->","yoast_head_json":{"title":"Gants de manutention - Cr\u00e9a-protect","robots":{"index":"index","follow":"follow","max-snippet":"max-snippet:-1","max-image-preview":"max-image-preview:large","max-video-preview":"max-video-preview:-1"},"canonical":"https:\/\/crea-protect.com\/index.php\/produit\/gants-de-manutention\/","og_locale":"fr_FR","og_type":"article","og_title":"Gants de manutention - Cr\u00e9a-protect","og_description":"D\u00e9tails du produit   Fiche technique gants manutention 1  Taille S\/M\/L\/XL  Poids du produit : 57 grammes  1 paire par polybags  Taille du carton : 52 x 25 x 50 cm  Poids du carton : 17 kg  250 paires par carton  Couleur : Choix du client  Doublure de gant en fibre de verre HPPE de calibre 13 avec paume enduite en polyur\u00e9thane  &nbsp;   Fiche technique gants manutention 2  Taille S\/M\/L\/XL  Poids du produit : 52 grammes  1 paire par polybags  Taille du carton : 50 x 38 x 38 cm  Poids du carton : 17 kg  250 paires par carton  Couleur : Choix du client  Gants de cuisine anti-lame qualit\u00e9 alimentaire, anti-coupure de niveau 5  Norme CE","og_url":"https:\/\/crea-protect.com\/index.php\/produit\/gants-de-manutention\/","og_site_name":"Cr\u00e9a-protect","article_modified_time":"2021-06-24T10:21:35+00:00","og_image":[{"width":1024,"height":1001,"path":"2021\/06\/Sans-titddzzzzre-1-1024x1001.png","url":"https:\/\/crea-protect.com\/wp-content\/uploads\/2021\/06\/Sans-titddzzzzre-1-1024x1001.png","size":"large","id":3927,"alt":"Gants manu CP","pixels":1025024,"type":"image\/png"}],"twitter_card":"summary_large_image","schema":{"@context":"https:\/\/schema.org","@graph":[{"@type":"WebSite","@id":"https:\/\/crea-protect.com\/#website","url":"https:\/\/crea-protect.com\/","name":"Cr\u00e9a-protect","description":"Cr\u00e9a-Protect est une soci\u00e9t\u00e9 fran\u00e7aise qui met \u00e0 disposition des entreprises un savoir-faire et une expertise de sourcing de produits d\u2019hygi\u00e8ne, d\u2019entretien, de protection, d\u2019EPI etc.","potentialAction":[{"@type":"SearchAction","target":{"@type":"EntryPoint","urlTemplate":"https:\/\/crea-protect.com\/?s={search_term_string}"},"query-input":"required name=search_term_string"}],"inLanguage":"fr-FR"},{"@type":"ImageObject","@id":"https:\/\/crea-protect.com\/index.php\/produit\/gants-de-manutention\/#primaryimage","inLanguage":"fr-FR","url":"https:\/\/crea-protect.com\/wp-content\/uploads\/2021\/06\/Sans-titddzzzzre-1.png","contentUrl":"https:\/\/crea-protect.com\/wp-content\/uploads\/2021\/06\/Sans-titddzzzzre-1.png","width":3000,"height":2932,"caption":"Gants manu CP"},{"@type":"WebPage","@id":"https:\/\/crea-protect.com\/index.php\/produit\/gants-de-manutention\/#webpage","url":"https:\/\/crea-protect.com\/index.php\/produit\/gants-de-manutention\/","name":"Gants de manutention - Cr\u00e9a-protect","isPartOf":{"@id":"https:\/\/crea-protect.com\/#website"},"primaryImageOfPage":{"@id":"https:\/\/crea-protect.com\/index.php\/produit\/gants-de-manutention\/#primaryimage"},"datePublished":"2021-06-21T10:28:36+00:00","dateModified":"2021-06-24T10:21:35+00:00","breadcrumb":{"@id":"https:\/\/crea-protect.com\/index.php\/produit\/gants-de-manutention\/#breadcrumb"},"inLanguage":"fr-FR","potentialAction":[{"@type":"ReadAction","target":["https:\/\/crea-protect.com\/index.php\/produit\/gants-de-manutention\/"]}]},{"@type":"BreadcrumbList","@id":"https:\/\/crea-protect.com\/index.php\/produit\/gants-de-manutention\/#breadcrumb","itemListElement":[{"@type":"ListItem","position":1,"name":"Accueil","item":"https:\/\/crea-protect.com\/"},{"@type":"ListItem","position":2,"name":"The Shop","item":"https:\/\/crea-protect.com\/index.php\/shop-2\/"},{"@type":"ListItem","position":3,"name":"Gants de manutention"}]}]}},"_links":{"self":[{"href":"https:\/\/crea-protect.com\/index.php\/wp-json\/wp\/v2\/product\/3895"}],"collection":[{"href":"https:\/\/crea-protect.com\/index.php\/wp-json\/wp\/v2\/product"}],"about":[{"href":"https:\/\/crea-protect.com\/index.php\/wp-json\/wp\/v2\/types\/product"}],"replies":[{"embeddable":true,"href":"https:\/\/crea-protect.com\/index.php\/wp-json\/wp\/v2\/comments?post=3895"}],"wp:featuredmedia":[{"embeddable":true,"href":"https:\/\/crea-protect.com\/index.php\/wp-json\/wp\/v2\/media\/3927"}],"wp:attachment":[{"href":"https:\/\/crea-protect.com\/index.php\/wp-json\/wp\/v2\/media?parent=3895"}],"wp:term":[{"taxonomy":"product_cat","embeddable":true,"href":"https:\/\/crea-protect.com\/index.php\/wp-json\/wp\/v2\/product_cat?post=3895"},{"taxonomy":"product_tag","embeddable":true,"href":"https:\/\/crea-protect.com\/index.php\/wp-json\/wp\/v2\/product_tag?post=3895"}],"curies":[{"name":"wp","href":"https:\/\/api.w.org\/{rel}","templated":true}]}}