{"id":3893,"date":"2021-06-21T12:14:25","date_gmt":"2021-06-21T10:14:25","guid":{"rendered":"https:\/\/crea-protect.com\/?post_type=product&#038;p=3893"},"modified":"2021-06-24T12:17:26","modified_gmt":"2021-06-24T10:17:26","slug":"balance-mecanique","status":"publish","type":"product","link":"https:\/\/crea-protect.com\/index.php\/produit\/balance-mecanique\/","title":{"rendered":"Balance m\u00e9canique"},"content":{"rendered":"<p><a href=\"https:\/\/crea-protect.com\/wp-content\/uploads\/2021\/06\/Fiche-technique-balance-mechanique.pdf\">Fiche technique balance m\u00e9canique<\/a><\/p>\n","protected":false},"excerpt":{"rendered":"<h3>D\u00e9tails du produit<\/h3>\n<ul>\n<li>Taille de la bo\u00eete : 28 x 42 x 6,5 cm<\/li>\n<li>Poids du produit : 10,3 kg<\/li>\n<li>Taille du carton : 67 x 32 x 28 cm<\/li>\n<li>Poids du carton : 10,8 kg<\/li>\n<li>Couleur : Choix du client<\/li>\n<li>Graducation : 500 g<\/li>\n<li>Poids maximum : 150 kg<\/li>\n<li><a href=\"https:\/\/crea-protect.com\/wp-content\/uploads\/2021\/06\/Fiche-technique-balance-mechanique.pdf\">Fiche technique balance m\u00e9canique<\/a><\/li>\n<\/ul>\n","protected":false},"featured_media":3926,"comment_status":"closed","ping_status":"closed","template":"","meta":{"_monsterinsights_skip_tracking":false,"_monsterinsights_sitenote_active":false,"_monsterinsights_sitenote_note":"","_monsterinsights_sitenote_category":0},"product_cat":[104,97],"product_tag":[],"yoast_head":"<!-- This site is optimized with the Yoast SEO plugin v17.0 - https:\/\/yoast.com\/wordpress\/plugins\/seo\/ -->\n<title>Balance m\u00e9canique - Cr\u00e9a-protect<\/title>\n<meta name=\"robots\" content=\"index, follow, max-snippet:-1, max-image-preview:large, max-video-preview:-1\" \/>\n<link rel=\"canonical\" href=\"https:\/\/crea-protect.com\/index.php\/produit\/balance-mecanique\/\" \/>\n<meta property=\"og:locale\" content=\"fr_FR\" \/>\n<meta property=\"og:type\" content=\"article\" \/>\n<meta property=\"og:title\" content=\"Balance m\u00e9canique - Cr\u00e9a-protect\" \/>\n<meta property=\"og:description\" content=\"D\u00e9tails du produit   Taille de la bo\u00eete : 28 x 42 x 6,5 cm  Poids du produit : 10,3 kg  Taille du carton : 67 x 32 x 28 cm  Poids du carton : 10,8 kg  Couleur : Choix du client  Graducation : 500 g  Poids maximum : 150 kg  Fiche technique balance m\u00e9canique\" \/>\n<meta property=\"og:url\" content=\"https:\/\/crea-protect.com\/index.php\/produit\/balance-mecanique\/\" \/>\n<meta property=\"og:site_name\" content=\"Cr\u00e9a-protect\" \/>\n<meta property=\"article:modified_time\" content=\"2021-06-24T10:17:26+00:00\" \/>\n<meta property=\"og:image\" content=\"https:\/\/crea-protect.com\/wp-content\/uploads\/2021\/06\/Sans--1024x1001.png\" \/>\n\t<meta property=\"og:image:width\" content=\"1024\" \/>\n\t<meta property=\"og:image:height\" content=\"1001\" \/>\n<meta name=\"twitter:card\" content=\"summary_large_image\" \/>\n<script type=\"application\/ld+json\" class=\"yoast-schema-graph\">{\"@context\":\"https:\/\/schema.org\",\"@graph\":[{\"@type\":\"WebSite\",\"@id\":\"https:\/\/crea-protect.com\/#website\",\"url\":\"https:\/\/crea-protect.com\/\",\"name\":\"Cr\\u00e9a-protect\",\"description\":\"Cr\\u00e9a-Protect est une soci\\u00e9t\\u00e9 fran\\u00e7aise qui met \\u00e0 disposition des entreprises un savoir-faire et une expertise de sourcing de produits d\\u2019hygi\\u00e8ne, d\\u2019entretien, de protection, d\\u2019EPI etc.\",\"potentialAction\":[{\"@type\":\"SearchAction\",\"target\":{\"@type\":\"EntryPoint\",\"urlTemplate\":\"https:\/\/crea-protect.com\/?s={search_term_string}\"},\"query-input\":\"required name=search_term_string\"}],\"inLanguage\":\"fr-FR\"},{\"@type\":\"ImageObject\",\"@id\":\"https:\/\/crea-protect.com\/index.php\/produit\/balance-mecanique\/#primaryimage\",\"inLanguage\":\"fr-FR\",\"url\":\"https:\/\/crea-protect.com\/wp-content\/uploads\/2021\/06\/Sans-.png\",\"contentUrl\":\"https:\/\/crea-protect.com\/wp-content\/uploads\/2021\/06\/Sans-.png\",\"width\":3000,\"height\":2932,\"caption\":\"Balance m\\u00e9ca CP\"},{\"@type\":\"WebPage\",\"@id\":\"https:\/\/crea-protect.com\/index.php\/produit\/balance-mecanique\/#webpage\",\"url\":\"https:\/\/crea-protect.com\/index.php\/produit\/balance-mecanique\/\",\"name\":\"Balance m\\u00e9canique - Cr\\u00e9a-protect\",\"isPartOf\":{\"@id\":\"https:\/\/crea-protect.com\/#website\"},\"primaryImageOfPage\":{\"@id\":\"https:\/\/crea-protect.com\/index.php\/produit\/balance-mecanique\/#primaryimage\"},\"datePublished\":\"2021-06-21T10:14:25+00:00\",\"dateModified\":\"2021-06-24T10:17:26+00:00\",\"breadcrumb\":{\"@id\":\"https:\/\/crea-protect.com\/index.php\/produit\/balance-mecanique\/#breadcrumb\"},\"inLanguage\":\"fr-FR\",\"potentialAction\":[{\"@type\":\"ReadAction\",\"target\":[\"https:\/\/crea-protect.com\/index.php\/produit\/balance-mecanique\/\"]}]},{\"@type\":\"BreadcrumbList\",\"@id\":\"https:\/\/crea-protect.com\/index.php\/produit\/balance-mecanique\/#breadcrumb\",\"itemListElement\":[{\"@type\":\"ListItem\",\"position\":1,\"name\":\"Accueil\",\"item\":\"https:\/\/crea-protect.com\/\"},{\"@type\":\"ListItem\",\"position\":2,\"name\":\"The Shop\",\"item\":\"https:\/\/crea-protect.com\/index.php\/shop-2\/\"},{\"@type\":\"ListItem\",\"position\":3,\"name\":\"Balance m\\u00e9canique\"}]}]}<\/script>\n<!-- \/ Yoast SEO plugin. -->","yoast_head_json":{"title":"Balance m\u00e9canique - Cr\u00e9a-protect","robots":{"index":"index","follow":"follow","max-snippet":"max-snippet:-1","max-image-preview":"max-image-preview:large","max-video-preview":"max-video-preview:-1"},"canonical":"https:\/\/crea-protect.com\/index.php\/produit\/balance-mecanique\/","og_locale":"fr_FR","og_type":"article","og_title":"Balance m\u00e9canique - Cr\u00e9a-protect","og_description":"D\u00e9tails du produit   Taille de la bo\u00eete : 28 x 42 x 6,5 cm  Poids du produit : 10,3 kg  Taille du carton : 67 x 32 x 28 cm  Poids du carton : 10,8 kg  Couleur : Choix du client  Graducation : 500 g  Poids maximum : 150 kg  Fiche technique balance m\u00e9canique","og_url":"https:\/\/crea-protect.com\/index.php\/produit\/balance-mecanique\/","og_site_name":"Cr\u00e9a-protect","article_modified_time":"2021-06-24T10:17:26+00:00","og_image":[{"width":1024,"height":1001,"path":"2021\/06\/Sans--1024x1001.png","url":"https:\/\/crea-protect.com\/wp-content\/uploads\/2021\/06\/Sans--1024x1001.png","size":"large","id":3926,"alt":"Balance m\u00e9ca CP","pixels":1025024,"type":"image\/png"}],"twitter_card":"summary_large_image","schema":{"@context":"https:\/\/schema.org","@graph":[{"@type":"WebSite","@id":"https:\/\/crea-protect.com\/#website","url":"https:\/\/crea-protect.com\/","name":"Cr\u00e9a-protect","description":"Cr\u00e9a-Protect est une soci\u00e9t\u00e9 fran\u00e7aise qui met \u00e0 disposition des entreprises un savoir-faire et une expertise de sourcing de produits d\u2019hygi\u00e8ne, d\u2019entretien, de protection, d\u2019EPI etc.","potentialAction":[{"@type":"SearchAction","target":{"@type":"EntryPoint","urlTemplate":"https:\/\/crea-protect.com\/?s={search_term_string}"},"query-input":"required name=search_term_string"}],"inLanguage":"fr-FR"},{"@type":"ImageObject","@id":"https:\/\/crea-protect.com\/index.php\/produit\/balance-mecanique\/#primaryimage","inLanguage":"fr-FR","url":"https:\/\/crea-protect.com\/wp-content\/uploads\/2021\/06\/Sans-.png","contentUrl":"https:\/\/crea-protect.com\/wp-content\/uploads\/2021\/06\/Sans-.png","width":3000,"height":2932,"caption":"Balance m\u00e9ca CP"},{"@type":"WebPage","@id":"https:\/\/crea-protect.com\/index.php\/produit\/balance-mecanique\/#webpage","url":"https:\/\/crea-protect.com\/index.php\/produit\/balance-mecanique\/","name":"Balance m\u00e9canique - Cr\u00e9a-protect","isPartOf":{"@id":"https:\/\/crea-protect.com\/#website"},"primaryImageOfPage":{"@id":"https:\/\/crea-protect.com\/index.php\/produit\/balance-mecanique\/#primaryimage"},"datePublished":"2021-06-21T10:14:25+00:00","dateModified":"2021-06-24T10:17:26+00:00","breadcrumb":{"@id":"https:\/\/crea-protect.com\/index.php\/produit\/balance-mecanique\/#breadcrumb"},"inLanguage":"fr-FR","potentialAction":[{"@type":"ReadAction","target":["https:\/\/crea-protect.com\/index.php\/produit\/balance-mecanique\/"]}]},{"@type":"BreadcrumbList","@id":"https:\/\/crea-protect.com\/index.php\/produit\/balance-mecanique\/#breadcrumb","itemListElement":[{"@type":"ListItem","position":1,"name":"Accueil","item":"https:\/\/crea-protect.com\/"},{"@type":"ListItem","position":2,"name":"The Shop","item":"https:\/\/crea-protect.com\/index.php\/shop-2\/"},{"@type":"ListItem","position":3,"name":"Balance m\u00e9canique"}]}]}},"_links":{"self":[{"href":"https:\/\/crea-protect.com\/index.php\/wp-json\/wp\/v2\/product\/3893"}],"collection":[{"href":"https:\/\/crea-protect.com\/index.php\/wp-json\/wp\/v2\/product"}],"about":[{"href":"https:\/\/crea-protect.com\/index.php\/wp-json\/wp\/v2\/types\/product"}],"replies":[{"embeddable":true,"href":"https:\/\/crea-protect.com\/index.php\/wp-json\/wp\/v2\/comments?post=3893"}],"wp:featuredmedia":[{"embeddable":true,"href":"https:\/\/crea-protect.com\/index.php\/wp-json\/wp\/v2\/media\/3926"}],"wp:attachment":[{"href":"https:\/\/crea-protect.com\/index.php\/wp-json\/wp\/v2\/media?parent=3893"}],"wp:term":[{"taxonomy":"product_cat","embeddable":true,"href":"https:\/\/crea-protect.com\/index.php\/wp-json\/wp\/v2\/product_cat?post=3893"},{"taxonomy":"product_tag","embeddable":true,"href":"https:\/\/crea-protect.com\/index.php\/wp-json\/wp\/v2\/product_tag?post=3893"}],"curies":[{"name":"wp","href":"https:\/\/api.w.org\/{rel}","templated":true}]}}