{"id":3680,"date":"2021-06-11T17:01:59","date_gmt":"2021-06-11T15:01:59","guid":{"rendered":"https:\/\/crea-protect.com\/?post_type=product&#038;p=3680"},"modified":"2021-06-16T12:24:19","modified_gmt":"2021-06-16T10:24:19","slug":"brosse-de-cuisine","status":"publish","type":"product","link":"https:\/\/crea-protect.com\/index.php\/produit\/brosse-de-cuisine\/","title":{"rendered":"Brosse de cuisine"},"content":{"rendered":"<p><a href=\"https:\/\/crea-protect.com\/wp-content\/uploads\/2021\/06\/Fiche-technique-brosse-de-cuisine-265mm.pdf\">Fiche technique brosse de cuisine<\/a><\/p>\n","protected":false},"excerpt":{"rendered":"<h3>D\u00e9tails du produit<\/h3>\n<ul>\n<li>Dimension brosse : 25 x 8 x 8 cm<\/li>\n<li>Longueur fibre brosse 45 mm<\/li>\n<li>Poids pelle : 354,5 grammes<\/li>\n<li>Dimension carton : 60 x 59 x 13,5 cm<\/li>\n<li>Poids carton : 5,2 kg<\/li>\n<li>12 brosses par carton<\/li>\n<li>Mat\u00e9riaux utilis\u00e9s : Bloc en PP avec poils sertis en PP<\/li>\n<li>Normes qualit\u00e9 alimentaire<\/li>\n<li><a href=\"https:\/\/crea-protect.com\/wp-content\/uploads\/2021\/06\/Fiche-technique-brosse-de-cuisine-265mm.pdf\">Fiche technique brosse de cuisine<\/a><\/li>\n<\/ul>\n","protected":false},"featured_media":3818,"comment_status":"closed","ping_status":"closed","template":"","meta":{"_monsterinsights_skip_tracking":false,"_monsterinsights_sitenote_active":false,"_monsterinsights_sitenote_note":"","_monsterinsights_sitenote_category":0},"product_cat":[96,97],"product_tag":[],"yoast_head":"<!-- This site is optimized with the Yoast SEO plugin v17.0 - https:\/\/yoast.com\/wordpress\/plugins\/seo\/ -->\n<title>Brosse de cuisine - Cr\u00e9a-protect<\/title>\n<meta name=\"robots\" content=\"index, follow, max-snippet:-1, max-image-preview:large, max-video-preview:-1\" \/>\n<link rel=\"canonical\" href=\"https:\/\/crea-protect.com\/index.php\/produit\/brosse-de-cuisine\/\" \/>\n<meta property=\"og:locale\" content=\"fr_FR\" \/>\n<meta property=\"og:type\" content=\"article\" \/>\n<meta property=\"og:title\" content=\"Brosse de cuisine - Cr\u00e9a-protect\" \/>\n<meta property=\"og:description\" content=\"D\u00e9tails du produit   Dimension brosse : 25 x 8 x 8 cm  Longueur fibre brosse 45 mm  Poids pelle : 354,5 grammes  Dimension carton : 60 x 59 x 13,5 cm  Poids carton : 5,2 kg  12 brosses par carton  Mat\u00e9riaux utilis\u00e9s : Bloc en PP avec poils sertis en PP  Normes qualit\u00e9 alimentaire  Fiche technique brosse de cuisine\" \/>\n<meta property=\"og:url\" content=\"https:\/\/crea-protect.com\/index.php\/produit\/brosse-de-cuisine\/\" \/>\n<meta property=\"og:site_name\" content=\"Cr\u00e9a-protect\" \/>\n<meta property=\"article:modified_time\" content=\"2021-06-16T10:24:19+00:00\" \/>\n<meta property=\"og:image\" content=\"https:\/\/crea-protect.com\/wp-content\/uploads\/2021\/06\/raclette-FT-2-e1623839041571.png\" \/>\n\t<meta property=\"og:image:width\" content=\"1536\" \/>\n\t<meta property=\"og:image:height\" content=\"1505\" \/>\n<meta name=\"twitter:card\" content=\"summary_large_image\" \/>\n<script type=\"application\/ld+json\" class=\"yoast-schema-graph\">{\"@context\":\"https:\/\/schema.org\",\"@graph\":[{\"@type\":\"WebSite\",\"@id\":\"https:\/\/crea-protect.com\/#website\",\"url\":\"https:\/\/crea-protect.com\/\",\"name\":\"Cr\\u00e9a-protect\",\"description\":\"Cr\\u00e9a-Protect est une soci\\u00e9t\\u00e9 fran\\u00e7aise qui met \\u00e0 disposition des entreprises un savoir-faire et une expertise de sourcing de produits d\\u2019hygi\\u00e8ne, d\\u2019entretien, de protection, d\\u2019EPI etc.\",\"potentialAction\":[{\"@type\":\"SearchAction\",\"target\":{\"@type\":\"EntryPoint\",\"urlTemplate\":\"https:\/\/crea-protect.com\/?s={search_term_string}\"},\"query-input\":\"required name=search_term_string\"}],\"inLanguage\":\"fr-FR\"},{\"@type\":\"ImageObject\",\"@id\":\"https:\/\/crea-protect.com\/index.php\/produit\/brosse-de-cuisine\/#primaryimage\",\"inLanguage\":\"fr-FR\",\"url\":\"https:\/\/crea-protect.com\/wp-content\/uploads\/2021\/06\/raclette-FT-2-e1623839041571.png\",\"contentUrl\":\"https:\/\/crea-protect.com\/wp-content\/uploads\/2021\/06\/raclette-FT-2-e1623839041571.png\",\"width\":1536,\"height\":1505,\"caption\":\"brosse cuisine CP\"},{\"@type\":\"WebPage\",\"@id\":\"https:\/\/crea-protect.com\/index.php\/produit\/brosse-de-cuisine\/#webpage\",\"url\":\"https:\/\/crea-protect.com\/index.php\/produit\/brosse-de-cuisine\/\",\"name\":\"Brosse de cuisine - Cr\\u00e9a-protect\",\"isPartOf\":{\"@id\":\"https:\/\/crea-protect.com\/#website\"},\"primaryImageOfPage\":{\"@id\":\"https:\/\/crea-protect.com\/index.php\/produit\/brosse-de-cuisine\/#primaryimage\"},\"datePublished\":\"2021-06-11T15:01:59+00:00\",\"dateModified\":\"2021-06-16T10:24:19+00:00\",\"breadcrumb\":{\"@id\":\"https:\/\/crea-protect.com\/index.php\/produit\/brosse-de-cuisine\/#breadcrumb\"},\"inLanguage\":\"fr-FR\",\"potentialAction\":[{\"@type\":\"ReadAction\",\"target\":[\"https:\/\/crea-protect.com\/index.php\/produit\/brosse-de-cuisine\/\"]}]},{\"@type\":\"BreadcrumbList\",\"@id\":\"https:\/\/crea-protect.com\/index.php\/produit\/brosse-de-cuisine\/#breadcrumb\",\"itemListElement\":[{\"@type\":\"ListItem\",\"position\":1,\"name\":\"Accueil\",\"item\":\"https:\/\/crea-protect.com\/\"},{\"@type\":\"ListItem\",\"position\":2,\"name\":\"The Shop\",\"item\":\"https:\/\/crea-protect.com\/index.php\/shop-2\/\"},{\"@type\":\"ListItem\",\"position\":3,\"name\":\"Brosse de cuisine\"}]}]}<\/script>\n<!-- \/ Yoast SEO plugin. -->","yoast_head_json":{"title":"Brosse de cuisine - Cr\u00e9a-protect","robots":{"index":"index","follow":"follow","max-snippet":"max-snippet:-1","max-image-preview":"max-image-preview:large","max-video-preview":"max-video-preview:-1"},"canonical":"https:\/\/crea-protect.com\/index.php\/produit\/brosse-de-cuisine\/","og_locale":"fr_FR","og_type":"article","og_title":"Brosse de cuisine - Cr\u00e9a-protect","og_description":"D\u00e9tails du produit   Dimension brosse : 25 x 8 x 8 cm  Longueur fibre brosse 45 mm  Poids pelle : 354,5 grammes  Dimension carton : 60 x 59 x 13,5 cm  Poids carton : 5,2 kg  12 brosses par carton  Mat\u00e9riaux utilis\u00e9s : Bloc en PP avec poils sertis en PP  Normes qualit\u00e9 alimentaire  Fiche technique brosse de cuisine","og_url":"https:\/\/crea-protect.com\/index.php\/produit\/brosse-de-cuisine\/","og_site_name":"Cr\u00e9a-protect","article_modified_time":"2021-06-16T10:24:19+00:00","og_image":[{"width":1536,"height":1505,"url":"https:\/\/crea-protect.com\/wp-content\/uploads\/2021\/06\/raclette-FT-2-e1623839041571.png","path":"\/home\/creaprj\/www\/wp-content\/uploads\/2021\/06\/raclette-FT-2-e1623839041571.png","size":"full","id":3818,"alt":"brosse cuisine CP","pixels":2311680,"type":"image\/png"}],"twitter_card":"summary_large_image","schema":{"@context":"https:\/\/schema.org","@graph":[{"@type":"WebSite","@id":"https:\/\/crea-protect.com\/#website","url":"https:\/\/crea-protect.com\/","name":"Cr\u00e9a-protect","description":"Cr\u00e9a-Protect est une soci\u00e9t\u00e9 fran\u00e7aise qui met \u00e0 disposition des entreprises un savoir-faire et une expertise de sourcing de produits d\u2019hygi\u00e8ne, d\u2019entretien, de protection, d\u2019EPI etc.","potentialAction":[{"@type":"SearchAction","target":{"@type":"EntryPoint","urlTemplate":"https:\/\/crea-protect.com\/?s={search_term_string}"},"query-input":"required name=search_term_string"}],"inLanguage":"fr-FR"},{"@type":"ImageObject","@id":"https:\/\/crea-protect.com\/index.php\/produit\/brosse-de-cuisine\/#primaryimage","inLanguage":"fr-FR","url":"https:\/\/crea-protect.com\/wp-content\/uploads\/2021\/06\/raclette-FT-2-e1623839041571.png","contentUrl":"https:\/\/crea-protect.com\/wp-content\/uploads\/2021\/06\/raclette-FT-2-e1623839041571.png","width":1536,"height":1505,"caption":"brosse cuisine CP"},{"@type":"WebPage","@id":"https:\/\/crea-protect.com\/index.php\/produit\/brosse-de-cuisine\/#webpage","url":"https:\/\/crea-protect.com\/index.php\/produit\/brosse-de-cuisine\/","name":"Brosse de cuisine - Cr\u00e9a-protect","isPartOf":{"@id":"https:\/\/crea-protect.com\/#website"},"primaryImageOfPage":{"@id":"https:\/\/crea-protect.com\/index.php\/produit\/brosse-de-cuisine\/#primaryimage"},"datePublished":"2021-06-11T15:01:59+00:00","dateModified":"2021-06-16T10:24:19+00:00","breadcrumb":{"@id":"https:\/\/crea-protect.com\/index.php\/produit\/brosse-de-cuisine\/#breadcrumb"},"inLanguage":"fr-FR","potentialAction":[{"@type":"ReadAction","target":["https:\/\/crea-protect.com\/index.php\/produit\/brosse-de-cuisine\/"]}]},{"@type":"BreadcrumbList","@id":"https:\/\/crea-protect.com\/index.php\/produit\/brosse-de-cuisine\/#breadcrumb","itemListElement":[{"@type":"ListItem","position":1,"name":"Accueil","item":"https:\/\/crea-protect.com\/"},{"@type":"ListItem","position":2,"name":"The Shop","item":"https:\/\/crea-protect.com\/index.php\/shop-2\/"},{"@type":"ListItem","position":3,"name":"Brosse de cuisine"}]}]}},"_links":{"self":[{"href":"https:\/\/crea-protect.com\/index.php\/wp-json\/wp\/v2\/product\/3680"}],"collection":[{"href":"https:\/\/crea-protect.com\/index.php\/wp-json\/wp\/v2\/product"}],"about":[{"href":"https:\/\/crea-protect.com\/index.php\/wp-json\/wp\/v2\/types\/product"}],"replies":[{"embeddable":true,"href":"https:\/\/crea-protect.com\/index.php\/wp-json\/wp\/v2\/comments?post=3680"}],"wp:featuredmedia":[{"embeddable":true,"href":"https:\/\/crea-protect.com\/index.php\/wp-json\/wp\/v2\/media\/3818"}],"wp:attachment":[{"href":"https:\/\/crea-protect.com\/index.php\/wp-json\/wp\/v2\/media?parent=3680"}],"wp:term":[{"taxonomy":"product_cat","embeddable":true,"href":"https:\/\/crea-protect.com\/index.php\/wp-json\/wp\/v2\/product_cat?post=3680"},{"taxonomy":"product_tag","embeddable":true,"href":"https:\/\/crea-protect.com\/index.php\/wp-json\/wp\/v2\/product_tag?post=3680"}],"curies":[{"name":"wp","href":"https:\/\/api.w.org\/{rel}","templated":true}]}}