{"id":3678,"date":"2021-06-11T16:50:55","date_gmt":"2021-06-11T14:50:55","guid":{"rendered":"https:\/\/crea-protect.com\/?post_type=product&#038;p=3678"},"modified":"2021-06-16T12:20:06","modified_gmt":"2021-06-16T10:20:06","slug":"panneau-avertissement","status":"publish","type":"product","link":"https:\/\/crea-protect.com\/index.php\/produit\/panneau-avertissement\/","title":{"rendered":"Panneau avertissement"},"content":{"rendered":"<p><a href=\"https:\/\/crea-protect.com\/wp-content\/uploads\/2021\/06\/Fiche-technique-PANNEAU-AVERTISSEMENT.pdf\">Fiche technique panneau avertissement<\/a><\/p>\n","protected":false},"excerpt":{"rendered":"<h3>D\u00e9tails du produit<\/h3>\n<ul>\n<li>Dimension panneau : 65 x (21-30) x 3 cm<\/li>\n<li>Poids pelle : 500 grammes<\/li>\n<li>Dimension carton : 67 x 32 x 28 cm<\/li>\n<li>Poids carton : 12,1 kg<\/li>\n<li>20 panneaux par carton<\/li>\n<li>Couleur : Jaune<\/li>\n<li>Mat\u00e9riaux utilis\u00e9s : PP en qualit\u00e9 industrielle<\/li>\n<li><a href=\"https:\/\/crea-protect.com\/wp-content\/uploads\/2021\/06\/Fiche-technique-PANNEAU-AVERTISSEMENT.pdf\">Fiche technique panneau avertissement<\/a><\/li>\n<\/ul>\n","protected":false},"featured_media":3816,"comment_status":"closed","ping_status":"closed","template":"","meta":{"_monsterinsights_skip_tracking":false,"_monsterinsights_sitenote_active":false,"_monsterinsights_sitenote_note":"","_monsterinsights_sitenote_category":0},"product_cat":[96,97],"product_tag":[],"yoast_head":"<!-- This site is optimized with the Yoast SEO plugin v17.0 - https:\/\/yoast.com\/wordpress\/plugins\/seo\/ -->\n<title>Panneau avertissement - Cr\u00e9a-protect<\/title>\n<meta name=\"robots\" content=\"index, follow, max-snippet:-1, max-image-preview:large, max-video-preview:-1\" \/>\n<link rel=\"canonical\" href=\"https:\/\/crea-protect.com\/index.php\/produit\/panneau-avertissement\/\" \/>\n<meta property=\"og:locale\" content=\"fr_FR\" \/>\n<meta property=\"og:type\" content=\"article\" \/>\n<meta property=\"og:title\" content=\"Panneau avertissement - Cr\u00e9a-protect\" \/>\n<meta property=\"og:description\" content=\"D\u00e9tails du produit   Dimension panneau : 65 x (21-30) x 3 cm  Poids pelle : 500 grammes  Dimension carton : 67 x 32 x 28 cm  Poids carton : 12,1 kg  20 panneaux par carton  Couleur : Jaune  Mat\u00e9riaux utilis\u00e9s : PP en qualit\u00e9 industrielle  Fiche technique panneau avertissement\" \/>\n<meta property=\"og:url\" content=\"https:\/\/crea-protect.com\/index.php\/produit\/panneau-avertissement\/\" \/>\n<meta property=\"og:site_name\" content=\"Cr\u00e9a-protect\" \/>\n<meta property=\"article:modified_time\" content=\"2021-06-16T10:20:06+00:00\" \/>\n<meta property=\"og:image\" content=\"https:\/\/crea-protect.com\/wp-content\/uploads\/2021\/06\/raclette-FT-1-e1623838790258.png\" \/>\n\t<meta property=\"og:image:width\" content=\"1536\" \/>\n\t<meta property=\"og:image:height\" content=\"1564\" \/>\n<meta name=\"twitter:card\" content=\"summary_large_image\" \/>\n<script type=\"application\/ld+json\" class=\"yoast-schema-graph\">{\"@context\":\"https:\/\/schema.org\",\"@graph\":[{\"@type\":\"WebSite\",\"@id\":\"https:\/\/crea-protect.com\/#website\",\"url\":\"https:\/\/crea-protect.com\/\",\"name\":\"Cr\\u00e9a-protect\",\"description\":\"Cr\\u00e9a-Protect est une soci\\u00e9t\\u00e9 fran\\u00e7aise qui met \\u00e0 disposition des entreprises un savoir-faire et une expertise de sourcing de produits d\\u2019hygi\\u00e8ne, d\\u2019entretien, de protection, d\\u2019EPI etc.\",\"potentialAction\":[{\"@type\":\"SearchAction\",\"target\":{\"@type\":\"EntryPoint\",\"urlTemplate\":\"https:\/\/crea-protect.com\/?s={search_term_string}\"},\"query-input\":\"required name=search_term_string\"}],\"inLanguage\":\"fr-FR\"},{\"@type\":\"ImageObject\",\"@id\":\"https:\/\/crea-protect.com\/index.php\/produit\/panneau-avertissement\/#primaryimage\",\"inLanguage\":\"fr-FR\",\"url\":\"https:\/\/crea-protect.com\/wp-content\/uploads\/2021\/06\/raclette-FT-1-e1623838790258.png\",\"contentUrl\":\"https:\/\/crea-protect.com\/wp-content\/uploads\/2021\/06\/raclette-FT-1-e1623838790258.png\",\"width\":1536,\"height\":1564,\"caption\":\"Panneaux avertissement sol CP\"},{\"@type\":\"WebPage\",\"@id\":\"https:\/\/crea-protect.com\/index.php\/produit\/panneau-avertissement\/#webpage\",\"url\":\"https:\/\/crea-protect.com\/index.php\/produit\/panneau-avertissement\/\",\"name\":\"Panneau avertissement - Cr\\u00e9a-protect\",\"isPartOf\":{\"@id\":\"https:\/\/crea-protect.com\/#website\"},\"primaryImageOfPage\":{\"@id\":\"https:\/\/crea-protect.com\/index.php\/produit\/panneau-avertissement\/#primaryimage\"},\"datePublished\":\"2021-06-11T14:50:55+00:00\",\"dateModified\":\"2021-06-16T10:20:06+00:00\",\"breadcrumb\":{\"@id\":\"https:\/\/crea-protect.com\/index.php\/produit\/panneau-avertissement\/#breadcrumb\"},\"inLanguage\":\"fr-FR\",\"potentialAction\":[{\"@type\":\"ReadAction\",\"target\":[\"https:\/\/crea-protect.com\/index.php\/produit\/panneau-avertissement\/\"]}]},{\"@type\":\"BreadcrumbList\",\"@id\":\"https:\/\/crea-protect.com\/index.php\/produit\/panneau-avertissement\/#breadcrumb\",\"itemListElement\":[{\"@type\":\"ListItem\",\"position\":1,\"name\":\"Accueil\",\"item\":\"https:\/\/crea-protect.com\/\"},{\"@type\":\"ListItem\",\"position\":2,\"name\":\"The Shop\",\"item\":\"https:\/\/crea-protect.com\/index.php\/shop-2\/\"},{\"@type\":\"ListItem\",\"position\":3,\"name\":\"Panneau avertissement\"}]}]}<\/script>\n<!-- \/ Yoast SEO plugin. -->","yoast_head_json":{"title":"Panneau avertissement - Cr\u00e9a-protect","robots":{"index":"index","follow":"follow","max-snippet":"max-snippet:-1","max-image-preview":"max-image-preview:large","max-video-preview":"max-video-preview:-1"},"canonical":"https:\/\/crea-protect.com\/index.php\/produit\/panneau-avertissement\/","og_locale":"fr_FR","og_type":"article","og_title":"Panneau avertissement - Cr\u00e9a-protect","og_description":"D\u00e9tails du produit   Dimension panneau : 65 x (21-30) x 3 cm  Poids pelle : 500 grammes  Dimension carton : 67 x 32 x 28 cm  Poids carton : 12,1 kg  20 panneaux par carton  Couleur : Jaune  Mat\u00e9riaux utilis\u00e9s : PP en qualit\u00e9 industrielle  Fiche technique panneau avertissement","og_url":"https:\/\/crea-protect.com\/index.php\/produit\/panneau-avertissement\/","og_site_name":"Cr\u00e9a-protect","article_modified_time":"2021-06-16T10:20:06+00:00","og_image":[{"width":1536,"height":1564,"url":"https:\/\/crea-protect.com\/wp-content\/uploads\/2021\/06\/raclette-FT-1-e1623838790258.png","path":"\/home\/creaprj\/www\/wp-content\/uploads\/2021\/06\/raclette-FT-1-e1623838790258.png","size":"full","id":3816,"alt":"Panneaux avertissement sol CP","pixels":2402304,"type":"image\/png"}],"twitter_card":"summary_large_image","schema":{"@context":"https:\/\/schema.org","@graph":[{"@type":"WebSite","@id":"https:\/\/crea-protect.com\/#website","url":"https:\/\/crea-protect.com\/","name":"Cr\u00e9a-protect","description":"Cr\u00e9a-Protect est une soci\u00e9t\u00e9 fran\u00e7aise qui met \u00e0 disposition des entreprises un savoir-faire et une expertise de sourcing de produits d\u2019hygi\u00e8ne, d\u2019entretien, de protection, d\u2019EPI etc.","potentialAction":[{"@type":"SearchAction","target":{"@type":"EntryPoint","urlTemplate":"https:\/\/crea-protect.com\/?s={search_term_string}"},"query-input":"required name=search_term_string"}],"inLanguage":"fr-FR"},{"@type":"ImageObject","@id":"https:\/\/crea-protect.com\/index.php\/produit\/panneau-avertissement\/#primaryimage","inLanguage":"fr-FR","url":"https:\/\/crea-protect.com\/wp-content\/uploads\/2021\/06\/raclette-FT-1-e1623838790258.png","contentUrl":"https:\/\/crea-protect.com\/wp-content\/uploads\/2021\/06\/raclette-FT-1-e1623838790258.png","width":1536,"height":1564,"caption":"Panneaux avertissement sol CP"},{"@type":"WebPage","@id":"https:\/\/crea-protect.com\/index.php\/produit\/panneau-avertissement\/#webpage","url":"https:\/\/crea-protect.com\/index.php\/produit\/panneau-avertissement\/","name":"Panneau avertissement - Cr\u00e9a-protect","isPartOf":{"@id":"https:\/\/crea-protect.com\/#website"},"primaryImageOfPage":{"@id":"https:\/\/crea-protect.com\/index.php\/produit\/panneau-avertissement\/#primaryimage"},"datePublished":"2021-06-11T14:50:55+00:00","dateModified":"2021-06-16T10:20:06+00:00","breadcrumb":{"@id":"https:\/\/crea-protect.com\/index.php\/produit\/panneau-avertissement\/#breadcrumb"},"inLanguage":"fr-FR","potentialAction":[{"@type":"ReadAction","target":["https:\/\/crea-protect.com\/index.php\/produit\/panneau-avertissement\/"]}]},{"@type":"BreadcrumbList","@id":"https:\/\/crea-protect.com\/index.php\/produit\/panneau-avertissement\/#breadcrumb","itemListElement":[{"@type":"ListItem","position":1,"name":"Accueil","item":"https:\/\/crea-protect.com\/"},{"@type":"ListItem","position":2,"name":"The Shop","item":"https:\/\/crea-protect.com\/index.php\/shop-2\/"},{"@type":"ListItem","position":3,"name":"Panneau avertissement"}]}]}},"_links":{"self":[{"href":"https:\/\/crea-protect.com\/index.php\/wp-json\/wp\/v2\/product\/3678"}],"collection":[{"href":"https:\/\/crea-protect.com\/index.php\/wp-json\/wp\/v2\/product"}],"about":[{"href":"https:\/\/crea-protect.com\/index.php\/wp-json\/wp\/v2\/types\/product"}],"replies":[{"embeddable":true,"href":"https:\/\/crea-protect.com\/index.php\/wp-json\/wp\/v2\/comments?post=3678"}],"wp:featuredmedia":[{"embeddable":true,"href":"https:\/\/crea-protect.com\/index.php\/wp-json\/wp\/v2\/media\/3816"}],"wp:attachment":[{"href":"https:\/\/crea-protect.com\/index.php\/wp-json\/wp\/v2\/media?parent=3678"}],"wp:term":[{"taxonomy":"product_cat","embeddable":true,"href":"https:\/\/crea-protect.com\/index.php\/wp-json\/wp\/v2\/product_cat?post=3678"},{"taxonomy":"product_tag","embeddable":true,"href":"https:\/\/crea-protect.com\/index.php\/wp-json\/wp\/v2\/product_tag?post=3678"}],"curies":[{"name":"wp","href":"https:\/\/api.w.org\/{rel}","templated":true}]}}