{"id":3510,"date":"2021-05-31T09:58:23","date_gmt":"2021-05-31T07:58:23","guid":{"rendered":"https:\/\/crea-protect.com\/?post_type=product&#038;p=3510"},"modified":"2021-06-15T17:36:32","modified_gmt":"2021-06-15T15:36:32","slug":"masque-ffp2","status":"publish","type":"product","link":"https:\/\/crea-protect.com\/index.php\/produit\/masque-ffp2\/","title":{"rendered":"Masque FFP2"},"content":{"rendered":"<p><a href=\"https:\/\/crea-protect.com\/wp-content\/uploads\/2021\/05\/Fiche-technique-masque-FFP2.pdf\">Fiche technique masque FFP2<\/a><\/p>\n","protected":false},"excerpt":{"rendered":"<p>(Quantit\u00e9 minimum : 40 bo\u00eetes soit 2 000 masques) Masque FFP2<\/p>\n<h3>D\u00e9tails du produit<\/h3>\n<ul>\n<li>Efficacit\u00e9 de filtration de \u2265 95%<\/li>\n<li>conforme \u00e0 la norme EN 149:2001<\/li>\n<li><a href=\"https:\/\/crea-protect.com\/wp-content\/uploads\/2021\/05\/Fiche-technique-masque-FFP2.pdf\">Fiche technique masque FFP2<\/a><\/li>\n<\/ul>\n","protected":false},"featured_media":3525,"comment_status":"closed","ping_status":"closed","template":"","meta":{"_monsterinsights_skip_tracking":false,"_monsterinsights_sitenote_active":false,"_monsterinsights_sitenote_note":"","_monsterinsights_sitenote_category":0},"product_cat":[99,97],"product_tag":[],"yoast_head":"<!-- This site is optimized with the Yoast SEO plugin v17.0 - https:\/\/yoast.com\/wordpress\/plugins\/seo\/ -->\n<title>Masque FFP2 - Cr\u00e9a-protect<\/title>\n<meta name=\"robots\" content=\"index, follow, max-snippet:-1, max-image-preview:large, max-video-preview:-1\" \/>\n<link rel=\"canonical\" href=\"https:\/\/crea-protect.com\/index.php\/produit\/masque-ffp2\/\" \/>\n<meta property=\"og:locale\" content=\"fr_FR\" \/>\n<meta property=\"og:type\" content=\"article\" \/>\n<meta property=\"og:title\" content=\"Masque FFP2 - Cr\u00e9a-protect\" \/>\n<meta property=\"og:description\" content=\"(Quantit\u00e9 minimum : 40 bo\u00eetes soit 2 000 masques) Masque FFP2 D\u00e9tails du produit   Efficacit\u00e9 de filtration de \u2265 95%  conforme \u00e0 la norme EN 149:2001  Fiche technique masque FFP2\" \/>\n<meta property=\"og:url\" content=\"https:\/\/crea-protect.com\/index.php\/produit\/masque-ffp2\/\" \/>\n<meta property=\"og:site_name\" content=\"Cr\u00e9a-protect\" \/>\n<meta property=\"article:modified_time\" content=\"2021-06-15T15:36:32+00:00\" \/>\n<meta property=\"og:image\" content=\"https:\/\/crea-protect.com\/wp-content\/uploads\/2021\/05\/masque-ffp2-copie-1.png\" \/>\n\t<meta property=\"og:image:width\" content=\"2304\" \/>\n\t<meta property=\"og:image:height\" content=\"2304\" \/>\n<meta name=\"twitter:card\" content=\"summary_large_image\" \/>\n<script type=\"application\/ld+json\" class=\"yoast-schema-graph\">{\"@context\":\"https:\/\/schema.org\",\"@graph\":[{\"@type\":\"WebSite\",\"@id\":\"https:\/\/crea-protect.com\/#website\",\"url\":\"https:\/\/crea-protect.com\/\",\"name\":\"Cr\\u00e9a-protect\",\"description\":\"Cr\\u00e9a-Protect est une soci\\u00e9t\\u00e9 fran\\u00e7aise qui met \\u00e0 disposition des entreprises un savoir-faire et une expertise de sourcing de produits d\\u2019hygi\\u00e8ne, d\\u2019entretien, de protection, d\\u2019EPI etc.\",\"potentialAction\":[{\"@type\":\"SearchAction\",\"target\":{\"@type\":\"EntryPoint\",\"urlTemplate\":\"https:\/\/crea-protect.com\/?s={search_term_string}\"},\"query-input\":\"required name=search_term_string\"}],\"inLanguage\":\"fr-FR\"},{\"@type\":\"ImageObject\",\"@id\":\"https:\/\/crea-protect.com\/index.php\/produit\/masque-ffp2\/#primaryimage\",\"inLanguage\":\"fr-FR\",\"url\":\"https:\/\/crea-protect.com\/wp-content\/uploads\/2021\/05\/masque-ffp2-copie-1.png\",\"contentUrl\":\"https:\/\/crea-protect.com\/wp-content\/uploads\/2021\/05\/masque-ffp2-copie-1.png\",\"width\":2304,\"height\":2304,\"caption\":\"masque ffp2\"},{\"@type\":\"WebPage\",\"@id\":\"https:\/\/crea-protect.com\/index.php\/produit\/masque-ffp2\/#webpage\",\"url\":\"https:\/\/crea-protect.com\/index.php\/produit\/masque-ffp2\/\",\"name\":\"Masque FFP2 - Cr\\u00e9a-protect\",\"isPartOf\":{\"@id\":\"https:\/\/crea-protect.com\/#website\"},\"primaryImageOfPage\":{\"@id\":\"https:\/\/crea-protect.com\/index.php\/produit\/masque-ffp2\/#primaryimage\"},\"datePublished\":\"2021-05-31T07:58:23+00:00\",\"dateModified\":\"2021-06-15T15:36:32+00:00\",\"breadcrumb\":{\"@id\":\"https:\/\/crea-protect.com\/index.php\/produit\/masque-ffp2\/#breadcrumb\"},\"inLanguage\":\"fr-FR\",\"potentialAction\":[{\"@type\":\"ReadAction\",\"target\":[\"https:\/\/crea-protect.com\/index.php\/produit\/masque-ffp2\/\"]}]},{\"@type\":\"BreadcrumbList\",\"@id\":\"https:\/\/crea-protect.com\/index.php\/produit\/masque-ffp2\/#breadcrumb\",\"itemListElement\":[{\"@type\":\"ListItem\",\"position\":1,\"name\":\"Accueil\",\"item\":\"https:\/\/crea-protect.com\/\"},{\"@type\":\"ListItem\",\"position\":2,\"name\":\"The Shop\",\"item\":\"https:\/\/crea-protect.com\/index.php\/shop-2\/\"},{\"@type\":\"ListItem\",\"position\":3,\"name\":\"Masque FFP2\"}]}]}<\/script>\n<!-- \/ Yoast SEO plugin. -->","yoast_head_json":{"title":"Masque FFP2 - Cr\u00e9a-protect","robots":{"index":"index","follow":"follow","max-snippet":"max-snippet:-1","max-image-preview":"max-image-preview:large","max-video-preview":"max-video-preview:-1"},"canonical":"https:\/\/crea-protect.com\/index.php\/produit\/masque-ffp2\/","og_locale":"fr_FR","og_type":"article","og_title":"Masque FFP2 - Cr\u00e9a-protect","og_description":"(Quantit\u00e9 minimum : 40 bo\u00eetes soit 2 000 masques) Masque FFP2 D\u00e9tails du produit   Efficacit\u00e9 de filtration de \u2265 95%  conforme \u00e0 la norme EN 149:2001  Fiche technique masque FFP2","og_url":"https:\/\/crea-protect.com\/index.php\/produit\/masque-ffp2\/","og_site_name":"Cr\u00e9a-protect","article_modified_time":"2021-06-15T15:36:32+00:00","og_image":[{"width":2304,"height":2304,"url":"https:\/\/crea-protect.com\/wp-content\/uploads\/2021\/05\/masque-ffp2-copie-1.png","path":"\/home\/creaprj\/www\/wp-content\/uploads\/2021\/05\/masque-ffp2-copie-1.png","size":"full","id":3525,"alt":"masque ffp2","pixels":5308416,"type":"image\/png"}],"twitter_card":"summary_large_image","schema":{"@context":"https:\/\/schema.org","@graph":[{"@type":"WebSite","@id":"https:\/\/crea-protect.com\/#website","url":"https:\/\/crea-protect.com\/","name":"Cr\u00e9a-protect","description":"Cr\u00e9a-Protect est une soci\u00e9t\u00e9 fran\u00e7aise qui met \u00e0 disposition des entreprises un savoir-faire et une expertise de sourcing de produits d\u2019hygi\u00e8ne, d\u2019entretien, de protection, d\u2019EPI etc.","potentialAction":[{"@type":"SearchAction","target":{"@type":"EntryPoint","urlTemplate":"https:\/\/crea-protect.com\/?s={search_term_string}"},"query-input":"required name=search_term_string"}],"inLanguage":"fr-FR"},{"@type":"ImageObject","@id":"https:\/\/crea-protect.com\/index.php\/produit\/masque-ffp2\/#primaryimage","inLanguage":"fr-FR","url":"https:\/\/crea-protect.com\/wp-content\/uploads\/2021\/05\/masque-ffp2-copie-1.png","contentUrl":"https:\/\/crea-protect.com\/wp-content\/uploads\/2021\/05\/masque-ffp2-copie-1.png","width":2304,"height":2304,"caption":"masque ffp2"},{"@type":"WebPage","@id":"https:\/\/crea-protect.com\/index.php\/produit\/masque-ffp2\/#webpage","url":"https:\/\/crea-protect.com\/index.php\/produit\/masque-ffp2\/","name":"Masque FFP2 - Cr\u00e9a-protect","isPartOf":{"@id":"https:\/\/crea-protect.com\/#website"},"primaryImageOfPage":{"@id":"https:\/\/crea-protect.com\/index.php\/produit\/masque-ffp2\/#primaryimage"},"datePublished":"2021-05-31T07:58:23+00:00","dateModified":"2021-06-15T15:36:32+00:00","breadcrumb":{"@id":"https:\/\/crea-protect.com\/index.php\/produit\/masque-ffp2\/#breadcrumb"},"inLanguage":"fr-FR","potentialAction":[{"@type":"ReadAction","target":["https:\/\/crea-protect.com\/index.php\/produit\/masque-ffp2\/"]}]},{"@type":"BreadcrumbList","@id":"https:\/\/crea-protect.com\/index.php\/produit\/masque-ffp2\/#breadcrumb","itemListElement":[{"@type":"ListItem","position":1,"name":"Accueil","item":"https:\/\/crea-protect.com\/"},{"@type":"ListItem","position":2,"name":"The Shop","item":"https:\/\/crea-protect.com\/index.php\/shop-2\/"},{"@type":"ListItem","position":3,"name":"Masque FFP2"}]}]}},"_links":{"self":[{"href":"https:\/\/crea-protect.com\/index.php\/wp-json\/wp\/v2\/product\/3510"}],"collection":[{"href":"https:\/\/crea-protect.com\/index.php\/wp-json\/wp\/v2\/product"}],"about":[{"href":"https:\/\/crea-protect.com\/index.php\/wp-json\/wp\/v2\/types\/product"}],"replies":[{"embeddable":true,"href":"https:\/\/crea-protect.com\/index.php\/wp-json\/wp\/v2\/comments?post=3510"}],"wp:featuredmedia":[{"embeddable":true,"href":"https:\/\/crea-protect.com\/index.php\/wp-json\/wp\/v2\/media\/3525"}],"wp:attachment":[{"href":"https:\/\/crea-protect.com\/index.php\/wp-json\/wp\/v2\/media?parent=3510"}],"wp:term":[{"taxonomy":"product_cat","embeddable":true,"href":"https:\/\/crea-protect.com\/index.php\/wp-json\/wp\/v2\/product_cat?post=3510"},{"taxonomy":"product_tag","embeddable":true,"href":"https:\/\/crea-protect.com\/index.php\/wp-json\/wp\/v2\/product_tag?post=3510"}],"curies":[{"name":"wp","href":"https:\/\/api.w.org\/{rel}","templated":true}]}}