{"id":424,"date":"2017-01-10T14:33:29","date_gmt":"2017-01-10T14:33:29","guid":{"rendered":"http:\/\/import.getbowtied.com\/shopkeeper-replica\/?page_id=424"},"modified":"2021-06-15T09:50:21","modified_gmt":"2021-06-15T07:50:21","slug":"about-v2-designer-light","status":"publish","type":"page","link":"https:\/\/crea-protect.com\/index.php\/about-v2-designer-light\/","title":{"rendered":"Mentions L\u00e9gales"},"content":{"rendered":"<p>[vc_row full_height=&#8221;yes&#8221; columns_placement=&#8221;stretch&#8221; equal_height=&#8221;yes&#8221; content_placement=&#8221;middle&#8221; columns_height=&#8221;adjust_cols_height&#8221; background_style=&#8221;normal&#8221;][vc_column css=&#8221;.vc_custom_1623743339856{background-image: url(https:\/\/crea-protect.com\/wp-content\/uploads\/2021\/06\/pexels-sora-shimazaki-5669602-scaled.jpg?id=3757) !important;background-position: center !important;background-repeat: no-repeat !important;background-size: cover !important;}&#8221; offset=&#8221;vc_col-lg-6 vc_col-md-6&#8243;][vc_empty_space height=&#8221;350px&#8221;][\/vc_column][vc_column css=&#8221;.vc_custom_1484433918406{padding-top: 150px !important;padding-right: 16% !important;padding-bottom: 150px !important;padding-left: 16% !important;}&#8221; offset=&#8221;vc_col-lg-6 vc_col-md-6&#8243;][vc_column_text css=&#8221;.vc_custom_1589454025240{margin-top: 10% !important;}&#8221;]<\/p>\n<h2 style=\"text-align: center;\">Mentions<br \/>\nL\u00e9gales<\/h2>\n<p>[\/vc_column_text][vc_column_text]<\/p>\n<p style=\"text-align: center;\"><em>Pour satisfaire aux dispositions de la loi pour la confiance dans l\u2019\u00e9conomie num\u00e9rique du 21 juin 2004, seront \u00e9nonc\u00e9es ci-apr\u00e8s les mentions l\u00e9gales requises afin de permettre l\u2019identification de l\u2019\u00e9diteur du pr\u00e9sent site Internet.<\/em><\/p>\n<p>[\/vc_column_text][vc_separator][vc_row_inner css=&#8221;.vc_custom_1589454253980{margin-top: 2% !important;}&#8221;][vc_column_inner][vc_column_text]Statut du propri\u00e9taire :\u00a0<strong>Soci\u00e9t\u00e9<\/strong><\/p>\n<p>Nom de la Soci\u00e9t\u00e9 :<b> CR\u00c9A-PROTECT<\/b><\/p>\n<p>Forme juridique :\u00a0<strong>Soci\u00e9t\u00e9 par Actions Simplifi\u00e9e (S.A.S.)<\/strong><\/p>\n<p>Au Capital de :<strong>\u00a020 000,00\u20ac<\/strong><\/p>\n<p>SIRET :\u00a0<strong>803 536 283 00028<\/strong><\/p>\n<p>R.C.S. :<strong> Le Mans B 887 499 275<\/strong><\/p>\n<p>Num\u00e9ro TVA intracommunautaire : <strong>FR 30 887499275<\/strong><\/p>\n<p>Adresse :\u00a0<strong>22 Rue des Chardons &#8211; ZA de l&#8217;\u00c9pine &#8211; 72460 Savign\u00e9-L&#8217;\u00c9v\u00eaque FRANCE<\/strong><\/p>\n<p>T\u00e9l\u00e9phones :\u00a0<strong>09.72.31.43.86 \u2013\u00a006.08.36.02.43<\/strong><\/p>\n<p>Adresse de courrier \u00e9lectronique : <strong>paul@crea-protect.com<\/strong>[\/vc_column_text][\/vc_column_inner][\/vc_row_inner][vc_separator][vc_row_inner css=&#8221;.vc_custom_1589454246140{margin-top: 2% !important;}&#8221;][vc_column_inner][vc_column_text]Les Responsables de la publication du site sont : <strong>Paul Benguigui\/Valentin Homet<br \/>\n<\/strong><\/p>\n<p>Le Webmaster est : <b>Charlotte Daize\/Valentin Homet<\/b><\/p>\n<p>Ce site internet a \u00e9t\u00e9 r\u00e9alis\u00e9 en utilisant la solution :\u00a0<a rel=\"hlid[=]1[&amp;]href[=]http:\/\/www.oxatis.com\"><strong>WordPress<\/strong><\/a><\/p>\n<p>L&#8217;h\u00e9bergeur du site est : <b>OVH<\/b>[\/vc_column_text][\/vc_column_inner][\/vc_row_inner][\/vc_column][\/vc_row][vc_row][vc_column][\/vc_column][\/vc_row]<\/p>\n","protected":false},"excerpt":{"rendered":"<p>[vc_row full_height=&#8221;yes&#8221; columns_placement=&#8221;stretch&#8221; equal_height=&#8221;yes&#8221; content_placement=&#8221;middle&#8221; columns_height=&#8221;adjust_cols_height&#8221; background_style=&#8221;normal&#8221;][vc_column css=&#8221;.vc_custom_1623743339856{background-image: url(https:\/\/crea-protect.com\/wp-content\/uploads\/2021\/06\/pexels-sora-shimazaki-5669602-scaled.jpg?id=3757) !important;background-position: center !important;background-repeat: no-repeat !important;background-size: cover !important;}&#8221; offset=&#8221;vc_col-lg-6 vc_col-md-6&#8243;][vc_empty_space height=&#8221;350px&#8221;][\/vc_column][vc_column css=&#8221;.vc_custom_1484433918406{padding-top: 150px !important;padding-right: 16% !important;padding-bottom: 150px !important;padding-left: 16% !important;}&#8221; offset=&#8221;vc_col-lg-6 vc_col-md-6&#8243;][vc_column_text css=&#8221;.vc_custom_1589454025240{margin-top: 10% !important;}&#8221;] Mentions L\u00e9gales [\/vc_column_text][vc_column_text] Pour satisfaire aux dispositions de la loi pour la confiance dans l\u2019\u00e9conomie num\u00e9rique du 21 juin 2004, seront \u00e9nonc\u00e9es [&hellip;]<\/p>\n","protected":false},"author":1,"featured_media":0,"parent":0,"menu_order":0,"comment_status":"closed","ping_status":"closed","template":"page-full-width.php","meta":{"_monsterinsights_skip_tracking":false,"_monsterinsights_sitenote_active":false,"_monsterinsights_sitenote_note":"","_monsterinsights_sitenote_category":0},"yoast_head":"<!-- This site is optimized with the Yoast SEO plugin v17.0 - https:\/\/yoast.com\/wordpress\/plugins\/seo\/ -->\n<title>Mentions L\u00e9gales - Cr\u00e9a-protect<\/title>\n<meta name=\"robots\" content=\"index, follow, max-snippet:-1, max-image-preview:large, max-video-preview:-1\" \/>\n<link rel=\"canonical\" href=\"https:\/\/crea-protect.com\/index.php\/about-v2-designer-light\/\" \/>\n<meta property=\"og:locale\" content=\"fr_FR\" \/>\n<meta property=\"og:type\" content=\"article\" \/>\n<meta property=\"og:title\" content=\"Mentions L\u00e9gales - Cr\u00e9a-protect\" \/>\n<meta property=\"og:description\" content=\"[vc_row full_height=&#8221;yes&#8221; columns_placement=&#8221;stretch&#8221; equal_height=&#8221;yes&#8221; content_placement=&#8221;middle&#8221; columns_height=&#8221;adjust_cols_height&#8221; background_style=&#8221;normal&#8221;][vc_column css=&#8221;.vc_custom_1623743339856{background-image: url(https:\/\/crea-protect.com\/wp-content\/uploads\/2021\/06\/pexels-sora-shimazaki-5669602-scaled.jpg?id=3757) !important;background-position: center !important;background-repeat: no-repeat !important;background-size: cover !important;}&#8221; offset=&#8221;vc_col-lg-6 vc_col-md-6&#8243;][vc_empty_space height=&#8221;350px&#8221;][\/vc_column][vc_column css=&#8221;.vc_custom_1484433918406{padding-top: 150px !important;padding-right: 16% !important;padding-bottom: 150px !important;padding-left: 16% !important;}&#8221; offset=&#8221;vc_col-lg-6 vc_col-md-6&#8243;][vc_column_text css=&#8221;.vc_custom_1589454025240{margin-top: 10% !important;}&#8221;] Mentions L\u00e9gales [\/vc_column_text][vc_column_text] Pour satisfaire aux dispositions de la loi pour la confiance dans l\u2019\u00e9conomie num\u00e9rique du 21 juin 2004, seront \u00e9nonc\u00e9es [&hellip;]\" \/>\n<meta property=\"og:url\" content=\"https:\/\/crea-protect.com\/index.php\/about-v2-designer-light\/\" \/>\n<meta property=\"og:site_name\" content=\"Cr\u00e9a-protect\" \/>\n<meta property=\"article:modified_time\" content=\"2021-06-15T07:50:21+00:00\" \/>\n<meta name=\"twitter:card\" content=\"summary_large_image\" \/>\n<meta name=\"twitter:label1\" content=\"Dur\u00e9e de lecture est.\" \/>\n\t<meta name=\"twitter:data1\" content=\"2 minutes\" \/>\n<script type=\"application\/ld+json\" class=\"yoast-schema-graph\">{\"@context\":\"https:\/\/schema.org\",\"@graph\":[{\"@type\":\"WebSite\",\"@id\":\"https:\/\/crea-protect.com\/#website\",\"url\":\"https:\/\/crea-protect.com\/\",\"name\":\"Cr\\u00e9a-protect\",\"description\":\"Cr\\u00e9a-Protect est une soci\\u00e9t\\u00e9 fran\\u00e7aise qui met \\u00e0 disposition des entreprises un savoir-faire et une expertise de sourcing de produits d\\u2019hygi\\u00e8ne, d\\u2019entretien, de protection, d\\u2019EPI etc.\",\"potentialAction\":[{\"@type\":\"SearchAction\",\"target\":{\"@type\":\"EntryPoint\",\"urlTemplate\":\"https:\/\/crea-protect.com\/?s={search_term_string}\"},\"query-input\":\"required name=search_term_string\"}],\"inLanguage\":\"fr-FR\"},{\"@type\":\"WebPage\",\"@id\":\"https:\/\/crea-protect.com\/index.php\/about-v2-designer-light\/#webpage\",\"url\":\"https:\/\/crea-protect.com\/index.php\/about-v2-designer-light\/\",\"name\":\"Mentions L\\u00e9gales - Cr\\u00e9a-protect\",\"isPartOf\":{\"@id\":\"https:\/\/crea-protect.com\/#website\"},\"datePublished\":\"2017-01-10T14:33:29+00:00\",\"dateModified\":\"2021-06-15T07:50:21+00:00\",\"breadcrumb\":{\"@id\":\"https:\/\/crea-protect.com\/index.php\/about-v2-designer-light\/#breadcrumb\"},\"inLanguage\":\"fr-FR\",\"potentialAction\":[{\"@type\":\"ReadAction\",\"target\":[\"https:\/\/crea-protect.com\/index.php\/about-v2-designer-light\/\"]}]},{\"@type\":\"BreadcrumbList\",\"@id\":\"https:\/\/crea-protect.com\/index.php\/about-v2-designer-light\/#breadcrumb\",\"itemListElement\":[{\"@type\":\"ListItem\",\"position\":1,\"name\":\"Accueil\",\"item\":\"https:\/\/crea-protect.com\/\"},{\"@type\":\"ListItem\",\"position\":2,\"name\":\"Mentions L\\u00e9gales\"}]}]}<\/script>\n<!-- \/ Yoast SEO plugin. -->","yoast_head_json":{"title":"Mentions L\u00e9gales - Cr\u00e9a-protect","robots":{"index":"index","follow":"follow","max-snippet":"max-snippet:-1","max-image-preview":"max-image-preview:large","max-video-preview":"max-video-preview:-1"},"canonical":"https:\/\/crea-protect.com\/index.php\/about-v2-designer-light\/","og_locale":"fr_FR","og_type":"article","og_title":"Mentions L\u00e9gales - Cr\u00e9a-protect","og_description":"[vc_row full_height=&#8221;yes&#8221; columns_placement=&#8221;stretch&#8221; equal_height=&#8221;yes&#8221; content_placement=&#8221;middle&#8221; columns_height=&#8221;adjust_cols_height&#8221; background_style=&#8221;normal&#8221;][vc_column css=&#8221;.vc_custom_1623743339856{background-image: url(https:\/\/crea-protect.com\/wp-content\/uploads\/2021\/06\/pexels-sora-shimazaki-5669602-scaled.jpg?id=3757) !important;background-position: center !important;background-repeat: no-repeat !important;background-size: cover !important;}&#8221; offset=&#8221;vc_col-lg-6 vc_col-md-6&#8243;][vc_empty_space height=&#8221;350px&#8221;][\/vc_column][vc_column css=&#8221;.vc_custom_1484433918406{padding-top: 150px !important;padding-right: 16% !important;padding-bottom: 150px !important;padding-left: 16% !important;}&#8221; offset=&#8221;vc_col-lg-6 vc_col-md-6&#8243;][vc_column_text css=&#8221;.vc_custom_1589454025240{margin-top: 10% !important;}&#8221;] Mentions L\u00e9gales [\/vc_column_text][vc_column_text] Pour satisfaire aux dispositions de la loi pour la confiance dans l\u2019\u00e9conomie num\u00e9rique du 21 juin 2004, seront \u00e9nonc\u00e9es [&hellip;]","og_url":"https:\/\/crea-protect.com\/index.php\/about-v2-designer-light\/","og_site_name":"Cr\u00e9a-protect","article_modified_time":"2021-06-15T07:50:21+00:00","twitter_card":"summary_large_image","twitter_misc":{"Dur\u00e9e de lecture est.":"2 minutes"},"schema":{"@context":"https:\/\/schema.org","@graph":[{"@type":"WebSite","@id":"https:\/\/crea-protect.com\/#website","url":"https:\/\/crea-protect.com\/","name":"Cr\u00e9a-protect","description":"Cr\u00e9a-Protect est une soci\u00e9t\u00e9 fran\u00e7aise qui met \u00e0 disposition des entreprises un savoir-faire et une expertise de sourcing de produits d\u2019hygi\u00e8ne, d\u2019entretien, de protection, d\u2019EPI etc.","potentialAction":[{"@type":"SearchAction","target":{"@type":"EntryPoint","urlTemplate":"https:\/\/crea-protect.com\/?s={search_term_string}"},"query-input":"required name=search_term_string"}],"inLanguage":"fr-FR"},{"@type":"WebPage","@id":"https:\/\/crea-protect.com\/index.php\/about-v2-designer-light\/#webpage","url":"https:\/\/crea-protect.com\/index.php\/about-v2-designer-light\/","name":"Mentions L\u00e9gales - Cr\u00e9a-protect","isPartOf":{"@id":"https:\/\/crea-protect.com\/#website"},"datePublished":"2017-01-10T14:33:29+00:00","dateModified":"2021-06-15T07:50:21+00:00","breadcrumb":{"@id":"https:\/\/crea-protect.com\/index.php\/about-v2-designer-light\/#breadcrumb"},"inLanguage":"fr-FR","potentialAction":[{"@type":"ReadAction","target":["https:\/\/crea-protect.com\/index.php\/about-v2-designer-light\/"]}]},{"@type":"BreadcrumbList","@id":"https:\/\/crea-protect.com\/index.php\/about-v2-designer-light\/#breadcrumb","itemListElement":[{"@type":"ListItem","position":1,"name":"Accueil","item":"https:\/\/crea-protect.com\/"},{"@type":"ListItem","position":2,"name":"Mentions L\u00e9gales"}]}]}},"_links":{"self":[{"href":"https:\/\/crea-protect.com\/index.php\/wp-json\/wp\/v2\/pages\/424"}],"collection":[{"href":"https:\/\/crea-protect.com\/index.php\/wp-json\/wp\/v2\/pages"}],"about":[{"href":"https:\/\/crea-protect.com\/index.php\/wp-json\/wp\/v2\/types\/page"}],"author":[{"embeddable":true,"href":"https:\/\/crea-protect.com\/index.php\/wp-json\/wp\/v2\/users\/1"}],"replies":[{"embeddable":true,"href":"https:\/\/crea-protect.com\/index.php\/wp-json\/wp\/v2\/comments?post=424"}],"version-history":[{"count":15,"href":"https:\/\/crea-protect.com\/index.php\/wp-json\/wp\/v2\/pages\/424\/revisions"}],"predecessor-version":[{"id":3758,"href":"https:\/\/crea-protect.com\/index.php\/wp-json\/wp\/v2\/pages\/424\/revisions\/3758"}],"wp:attachment":[{"href":"https:\/\/crea-protect.com\/index.php\/wp-json\/wp\/v2\/media?parent=424"}],"curies":[{"name":"wp","href":"https:\/\/api.w.org\/{rel}","templated":true}]}}