{"id":2960,"date":"2017-01-10T21:29:23","date_gmt":"2017-01-10T21:29:23","guid":{"rendered":"http:\/\/import.getbowtied.com\/shopkeeper-replica?page_id=494"},"modified":"2021-06-25T11:44:20","modified_gmt":"2021-06-25T09:44:20","slug":"qui-sommes-nous","status":"publish","type":"page","link":"https:\/\/crea-protect.com\/index.php\/qui-sommes-nous\/","title":{"rendered":"Qui sommes-nous ?"},"content":{"rendered":"<p>[vc_row full_width=&#8221;stretch_row&#8221; full_height=&#8221;yes&#8221; css_animation=&#8221;fadeIn&#8221; css=&#8221;.vc_custom_1624354488859{margin-bottom: 3% !important;background-image: url(https:\/\/crea-protect.com\/wp-content\/uploads\/2021\/06\/pexels-fauxels-3183183-min.png?id=3918) !important;background-position: center !important;background-repeat: no-repeat !important;background-size: cover !important;}&#8221;][vc_column][vc_column_text]<\/p>\n<h1>La r\u00e9ponse \u00e0 vos besoins !<\/h1>\n<p>&nbsp;<\/p>\n<h5><strong>Qui sommes-nous et comment fonctionne notre service ?<\/strong><\/h5>\n<p>[\/vc_column_text][\/vc_column][\/vc_row][vc_row][vc_column][vc_column_text]<\/p>\n<h2>Cr\u00e9a-protect c&#8217;est :<\/h2>\n<p>[\/vc_column_text][\/vc_column][\/vc_row][vc_row][vc_column][vc_column_text]<\/p>\n<p class=\"_04xlpA direction-ltr align-center para-style-body\"><span class=\"JsGRdQ\" style=\"color: #000000;\">Cr\u00e9a-Protect est une marque qui met \u00e0 disposition des entreprises un savoir-faire et une expertise de sourcing de produits d&#8217;hygi\u00e8ne, d&#8217;entretien, de protection, d&#8217;EPI etc.<\/span><\/p>\n<p class=\"_04xlpA direction-ltr align-center para-style-body\"><span class=\"JsGRdQ\" style=\"color: #000000;\">Notre r\u00f4le est d\u2019accompagner nos clients dans la d\u00e9finition d\u2019un cahier des charges pr\u00e9cis, et de d\u00e9finir l\u2019ensemble des obligations l\u00e9gales permettant l\u2019importation. Nous disposons d\u2019une \u00e9quipe et d\u2019un bureau en Chine qui trouve les usines adapt\u00e9es \u00e0 la demande, et qui effectue un contr\u00f4le qualit\u00e9 rigoureux lors des diff\u00e9rentes \u00e9tapes du projet.<\/span><\/p>\n<p class=\"_04xlpA direction-ltr align-center para-style-body\"><span class=\"JsGRdQ\" style=\"color: #000000;\">Enfin, c\u2019est un suivi logistique jusqu\u2019\u00e0 la livraison ; et une communication r\u00e9guli\u00e8re avec nos clients. Et c\u2019est gr\u00e2ce \u00e0 cette implantation en France et en Chine, que nous sommes pertinents dans la r\u00e9ponse apport\u00e9e.<\/span><\/p>\n<p>[\/vc_column_text][vc_single_image image=&#8221;3866&#8243; img_size=&#8221;full&#8221; alignment=&#8221;center&#8221; onclick=&#8221;custom_link&#8221; img_link_target=&#8221;_blank&#8221; css_animation=&#8221;fadeIn&#8221; css=&#8221;.vc_custom_1623933498255{margin-top: 50px !important;}&#8221; link=&#8221;https:\/\/beasy-world-sourcing.com\/&#8221;][vc_column_text]<\/p>\n<h2>Le stock service :<\/h2>\n<p>&nbsp;<\/p>\n<p><span style=\"color: #000000;\">Cr\u00e9a-Protect propose une gestion de vos stocks gr\u00e2ce \u00e0 notre \u00e9quipe logistique. Nous vous proposons une annualisation de vos besoins afin d&#8217;assurer des livraisons r\u00e9guli\u00e8res et des contrats visant \u00e0 optimiser vos co\u00fbts.<\/span>[\/vc_column_text][vc_single_image image=&#8221;3706&#8243; img_size=&#8221;1500&#215;400&#8243; alignment=&#8221;center&#8221; onclick=&#8221;custom_link&#8221; img_link_target=&#8221;_blank&#8221; css_animation=&#8221;fadeIn&#8221; css=&#8221;.vc_custom_1623933506199{margin-top: 50px !important;}&#8221; link=&#8221;https:\/\/beasy-world-sourcing.com\/&#8221;][vc_column_text]<\/p>\n<h2>Beasy World Sourcing :<\/h2>\n<p>&nbsp;<\/p>\n<p><span style=\"color: #000000;\">Cr\u00e9a protect est la marque sp\u00e9cialis\u00e9 dans les produits d&#8217;hygi\u00e8ne, d&#8217;entretien et d&#8217;EPI de la soci\u00e9t\u00e9 Beasy World Sourcing, expert en soucing et solutions depuis 20 ans avec la Chine.<\/span>[\/vc_column_text][vc_single_image image=&#8221;3733&#8243; img_size=&#8221;full&#8221; alignment=&#8221;center&#8221; onclick=&#8221;custom_link&#8221; img_link_target=&#8221;_blank&#8221; css_animation=&#8221;fadeIn&#8221; css=&#8221;.vc_custom_1623685634158{margin-top: 50px !important;}&#8221; link=&#8221;https:\/\/beasy-world-sourcing.com\/&#8221;][\/vc_column][\/vc_row][vc_row css=&#8221;.vc_custom_1623673246725{margin-top: -90px !important;}&#8221;][vc_column css_animation=&#8221;none&#8221;][vc_single_image image=&#8221;1047&#8243; img_size=&#8221;full&#8221;][vc_column_text]<\/p>\n<h2 style=\"text-align: center;\">Un service efficace et adapt\u00e9\u00a0pour les entreprises.<\/h2>\n<p>[\/vc_column_text][vc_single_image image=&#8221;1047&#8243; img_size=&#8221;full&#8221; alignment=&#8221;right&#8221;][vc_column_text]<\/p>\n<h6>\u2014 RESPONSABLE PRODUIT CREA-PROTECT<\/h6>\n<p>[\/vc_column_text][vc_separator][\/vc_column][\/vc_row]<\/p>\n","protected":false},"excerpt":{"rendered":"<p>[vc_row full_width=&#8221;stretch_row&#8221; full_height=&#8221;yes&#8221; css_animation=&#8221;fadeIn&#8221; css=&#8221;.vc_custom_1624354488859{margin-bottom: 3% !important;background-image: url(https:\/\/crea-protect.com\/wp-content\/uploads\/2021\/06\/pexels-fauxels-3183183-min.png?id=3918) !important;background-position: center !important;background-repeat: no-repeat !important;background-size: cover !important;}&#8221;][vc_column][vc_column_text] La r\u00e9ponse \u00e0 vos besoins ! &nbsp; Qui sommes-nous et comment fonctionne notre service ? [\/vc_column_text][\/vc_column][\/vc_row][vc_row][vc_column][vc_column_text] Cr\u00e9a-protect c&#8217;est : [\/vc_column_text][\/vc_column][\/vc_row][vc_row][vc_column][vc_column_text] Cr\u00e9a-Protect est une marque qui met \u00e0 disposition des entreprises un savoir-faire et une expertise de sourcing de produits d&#8217;hygi\u00e8ne, [&hellip;]<\/p>\n","protected":false},"author":1,"featured_media":0,"parent":0,"menu_order":0,"comment_status":"closed","ping_status":"closed","template":"page-boxed.php","meta":{"_monsterinsights_skip_tracking":false,"_monsterinsights_sitenote_active":false,"_monsterinsights_sitenote_note":"","_monsterinsights_sitenote_category":0},"yoast_head":"<!-- This site is optimized with the Yoast SEO plugin v17.0 - https:\/\/yoast.com\/wordpress\/plugins\/seo\/ -->\n<title>Qui sommes-nous ? - Cr\u00e9a-protect<\/title>\n<meta name=\"robots\" content=\"index, follow, max-snippet:-1, max-image-preview:large, max-video-preview:-1\" \/>\n<link rel=\"canonical\" href=\"https:\/\/crea-protect.com\/index.php\/pages-2__trashed\/qui-sommes-nous\/\" \/>\n<meta property=\"og:locale\" content=\"fr_FR\" \/>\n<meta property=\"og:type\" content=\"article\" \/>\n<meta property=\"og:title\" content=\"Qui sommes-nous ? - Cr\u00e9a-protect\" \/>\n<meta property=\"og:description\" content=\"[vc_row full_width=&#8221;stretch_row&#8221; full_height=&#8221;yes&#8221; css_animation=&#8221;fadeIn&#8221; css=&#8221;.vc_custom_1624354488859{margin-bottom: 3% !important;background-image: url(https:\/\/crea-protect.com\/wp-content\/uploads\/2021\/06\/pexels-fauxels-3183183-min.png?id=3918) !important;background-position: center !important;background-repeat: no-repeat !important;background-size: cover !important;}&#8221;][vc_column][vc_column_text] La r\u00e9ponse \u00e0 vos besoins ! &nbsp; Qui sommes-nous et comment fonctionne notre service ? [\/vc_column_text][\/vc_column][\/vc_row][vc_row][vc_column][vc_column_text] Cr\u00e9a-protect c&#8217;est : [\/vc_column_text][\/vc_column][\/vc_row][vc_row][vc_column][vc_column_text] Cr\u00e9a-Protect est une marque qui met \u00e0 disposition des entreprises un savoir-faire et une expertise de sourcing de produits d&#8217;hygi\u00e8ne, [&hellip;]\" \/>\n<meta property=\"og:url\" content=\"https:\/\/crea-protect.com\/index.php\/pages-2__trashed\/qui-sommes-nous\/\" \/>\n<meta property=\"og:site_name\" content=\"Cr\u00e9a-protect\" \/>\n<meta property=\"article:modified_time\" content=\"2021-06-25T09:44:20+00:00\" \/>\n<meta name=\"twitter:card\" content=\"summary_large_image\" \/>\n<meta name=\"twitter:label1\" content=\"Dur\u00e9e de lecture est.\" \/>\n\t<meta name=\"twitter:data1\" content=\"2 minutes\" \/>\n<script type=\"application\/ld+json\" class=\"yoast-schema-graph\">{\"@context\":\"https:\/\/schema.org\",\"@graph\":[{\"@type\":\"WebSite\",\"@id\":\"https:\/\/crea-protect.com\/#website\",\"url\":\"https:\/\/crea-protect.com\/\",\"name\":\"Cr\\u00e9a-protect\",\"description\":\"Cr\\u00e9a-Protect est une soci\\u00e9t\\u00e9 fran\\u00e7aise qui met \\u00e0 disposition des entreprises un savoir-faire et une expertise de sourcing de produits d\\u2019hygi\\u00e8ne, d\\u2019entretien, de protection, d\\u2019EPI etc.\",\"potentialAction\":[{\"@type\":\"SearchAction\",\"target\":{\"@type\":\"EntryPoint\",\"urlTemplate\":\"https:\/\/crea-protect.com\/?s={search_term_string}\"},\"query-input\":\"required name=search_term_string\"}],\"inLanguage\":\"fr-FR\"},{\"@type\":\"WebPage\",\"@id\":\"https:\/\/crea-protect.com\/index.php\/pages-2__trashed\/qui-sommes-nous\/#webpage\",\"url\":\"https:\/\/crea-protect.com\/index.php\/pages-2__trashed\/qui-sommes-nous\/\",\"name\":\"Qui sommes-nous ? - Cr\\u00e9a-protect\",\"isPartOf\":{\"@id\":\"https:\/\/crea-protect.com\/#website\"},\"datePublished\":\"2017-01-10T21:29:23+00:00\",\"dateModified\":\"2021-06-25T09:44:20+00:00\",\"breadcrumb\":{\"@id\":\"https:\/\/crea-protect.com\/index.php\/pages-2__trashed\/qui-sommes-nous\/#breadcrumb\"},\"inLanguage\":\"fr-FR\",\"potentialAction\":[{\"@type\":\"ReadAction\",\"target\":[\"https:\/\/crea-protect.com\/index.php\/pages-2__trashed\/qui-sommes-nous\/\"]}]},{\"@type\":\"BreadcrumbList\",\"@id\":\"https:\/\/crea-protect.com\/index.php\/pages-2__trashed\/qui-sommes-nous\/#breadcrumb\",\"itemListElement\":[{\"@type\":\"ListItem\",\"position\":1,\"name\":\"Accueil\",\"item\":\"https:\/\/crea-protect.com\/\"},{\"@type\":\"ListItem\",\"position\":2,\"name\":\"Qui sommes-nous ?\"}]}]}<\/script>\n<!-- \/ Yoast SEO plugin. -->","yoast_head_json":{"title":"Qui sommes-nous ? - Cr\u00e9a-protect","robots":{"index":"index","follow":"follow","max-snippet":"max-snippet:-1","max-image-preview":"max-image-preview:large","max-video-preview":"max-video-preview:-1"},"canonical":"https:\/\/crea-protect.com\/index.php\/pages-2__trashed\/qui-sommes-nous\/","og_locale":"fr_FR","og_type":"article","og_title":"Qui sommes-nous ? - Cr\u00e9a-protect","og_description":"[vc_row full_width=&#8221;stretch_row&#8221; full_height=&#8221;yes&#8221; css_animation=&#8221;fadeIn&#8221; css=&#8221;.vc_custom_1624354488859{margin-bottom: 3% !important;background-image: url(https:\/\/crea-protect.com\/wp-content\/uploads\/2021\/06\/pexels-fauxels-3183183-min.png?id=3918) !important;background-position: center !important;background-repeat: no-repeat !important;background-size: cover !important;}&#8221;][vc_column][vc_column_text] La r\u00e9ponse \u00e0 vos besoins ! &nbsp; Qui sommes-nous et comment fonctionne notre service ? [\/vc_column_text][\/vc_column][\/vc_row][vc_row][vc_column][vc_column_text] Cr\u00e9a-protect c&#8217;est : [\/vc_column_text][\/vc_column][\/vc_row][vc_row][vc_column][vc_column_text] Cr\u00e9a-Protect est une marque qui met \u00e0 disposition des entreprises un savoir-faire et une expertise de sourcing de produits d&#8217;hygi\u00e8ne, [&hellip;]","og_url":"https:\/\/crea-protect.com\/index.php\/pages-2__trashed\/qui-sommes-nous\/","og_site_name":"Cr\u00e9a-protect","article_modified_time":"2021-06-25T09:44:20+00:00","twitter_card":"summary_large_image","twitter_misc":{"Dur\u00e9e de lecture est.":"2 minutes"},"schema":{"@context":"https:\/\/schema.org","@graph":[{"@type":"WebSite","@id":"https:\/\/crea-protect.com\/#website","url":"https:\/\/crea-protect.com\/","name":"Cr\u00e9a-protect","description":"Cr\u00e9a-Protect est une soci\u00e9t\u00e9 fran\u00e7aise qui met \u00e0 disposition des entreprises un savoir-faire et une expertise de sourcing de produits d\u2019hygi\u00e8ne, d\u2019entretien, de protection, d\u2019EPI etc.","potentialAction":[{"@type":"SearchAction","target":{"@type":"EntryPoint","urlTemplate":"https:\/\/crea-protect.com\/?s={search_term_string}"},"query-input":"required name=search_term_string"}],"inLanguage":"fr-FR"},{"@type":"WebPage","@id":"https:\/\/crea-protect.com\/index.php\/pages-2__trashed\/qui-sommes-nous\/#webpage","url":"https:\/\/crea-protect.com\/index.php\/pages-2__trashed\/qui-sommes-nous\/","name":"Qui sommes-nous ? - Cr\u00e9a-protect","isPartOf":{"@id":"https:\/\/crea-protect.com\/#website"},"datePublished":"2017-01-10T21:29:23+00:00","dateModified":"2021-06-25T09:44:20+00:00","breadcrumb":{"@id":"https:\/\/crea-protect.com\/index.php\/pages-2__trashed\/qui-sommes-nous\/#breadcrumb"},"inLanguage":"fr-FR","potentialAction":[{"@type":"ReadAction","target":["https:\/\/crea-protect.com\/index.php\/pages-2__trashed\/qui-sommes-nous\/"]}]},{"@type":"BreadcrumbList","@id":"https:\/\/crea-protect.com\/index.php\/pages-2__trashed\/qui-sommes-nous\/#breadcrumb","itemListElement":[{"@type":"ListItem","position":1,"name":"Accueil","item":"https:\/\/crea-protect.com\/"},{"@type":"ListItem","position":2,"name":"Qui sommes-nous ?"}]}]}},"_links":{"self":[{"href":"https:\/\/crea-protect.com\/index.php\/wp-json\/wp\/v2\/pages\/2960"}],"collection":[{"href":"https:\/\/crea-protect.com\/index.php\/wp-json\/wp\/v2\/pages"}],"about":[{"href":"https:\/\/crea-protect.com\/index.php\/wp-json\/wp\/v2\/types\/page"}],"author":[{"embeddable":true,"href":"https:\/\/crea-protect.com\/index.php\/wp-json\/wp\/v2\/users\/1"}],"replies":[{"embeddable":true,"href":"https:\/\/crea-protect.com\/index.php\/wp-json\/wp\/v2\/comments?post=2960"}],"version-history":[{"count":74,"href":"https:\/\/crea-protect.com\/index.php\/wp-json\/wp\/v2\/pages\/2960\/revisions"}],"predecessor-version":[{"id":3934,"href":"https:\/\/crea-protect.com\/index.php\/wp-json\/wp\/v2\/pages\/2960\/revisions\/3934"}],"wp:attachment":[{"href":"https:\/\/crea-protect.com\/index.php\/wp-json\/wp\/v2\/media?parent=2960"}],"curies":[{"name":"wp","href":"https:\/\/api.w.org\/{rel}","templated":true}]}}